{"id":585,"date":"2022-11-29T04:35:31","date_gmt":"2022-11-29T03:35:31","guid":{"rendered":"https:\/\/emigracio.abtk.hu\/?page_id=585"},"modified":"2023-10-17T10:35:39","modified_gmt":"2023-10-17T08:35:39","slug":"kutatocsoport","status":"publish","type":"page","link":"http:\/\/emigracio.abtk.hu\/en\/kezdolap\/kutatas\/kiadvanyok\/kutatocsoport\/","title":{"rendered":"Research Team"},"content":{"rendered":"<div class=\"wp-block-columns tablet:fullwidth-cols tablet:ext-fullwidth-cols ext-mt-base is-style-default is-layout-flex wp-container-core-columns-is-layout-9d6595d7 wp-block-columns-is-layout-flex\">\n<div class=\"wp-block-column tablet:ext-mb-0 ext-mb-lg is-layout-flow wp-block-column-is-layout-flow\" style=\"flex-basis:33%\">\n<figure class=\"wp-block-image alignwide size-full is-style-editorskit-circular ek-items-center\"><img loading=\"lazy\" decoding=\"async\" width=\"1526\" height=\"1875\" src=\"https:\/\/emigracio.abtk.hu\/wp-content\/uploads\/2022\/10\/IMG-7257.jpg\" alt=\"\" class=\"wp-image-314\" srcset=\"https:\/\/emigracio.abtk.hu\/wp-content\/uploads\/2022\/10\/IMG-7257.jpg 1526w, https:\/\/emigracio.abtk.hu\/wp-content\/uploads\/2022\/10\/IMG-7257-244x300.jpg 244w, https:\/\/emigracio.abtk.hu\/wp-content\/uploads\/2022\/10\/IMG-7257-833x1024.jpg 833w, https:\/\/emigracio.abtk.hu\/wp-content\/uploads\/2022\/10\/IMG-7257-768x944.jpg 768w, https:\/\/emigracio.abtk.hu\/wp-content\/uploads\/2022\/10\/IMG-7257-1250x1536.jpg 1250w\" sizes=\"auto, (max-width: 1526px) 100vw, 1526px\" \/><\/figure>\n\n\n\n<h3 class=\"wp-block-heading alignwide has-text-align-center\">Tam\u00e1s Scheibner<\/h3>\n\n\n\n<h4 class=\"wp-block-heading alignwide has-text-align-center\">Lead Researcher<\/h4>\n\n\n\n<figure class=\"wp-block-image alignwide size-full is-style-editorskit-circular ek-items-center\"><img loading=\"lazy\" decoding=\"async\" width=\"869\" height=\"1200\" src=\"https:\/\/emigracio.abtk.hu\/wp-content\/uploads\/2022\/10\/labov-2014.jpeg\" alt=\"\" class=\"wp-image-317\" srcset=\"https:\/\/emigracio.abtk.hu\/wp-content\/uploads\/2022\/10\/labov-2014.jpeg 869w, https:\/\/emigracio.abtk.hu\/wp-content\/uploads\/2022\/10\/labov-2014-217x300.jpeg 217w, https:\/\/emigracio.abtk.hu\/wp-content\/uploads\/2022\/10\/labov-2014-742x1024.jpeg 742w, https:\/\/emigracio.abtk.hu\/wp-content\/uploads\/2022\/10\/labov-2014-768x1061.jpeg 768w\" sizes=\"auto, (max-width: 869px) 100vw, 869px\" \/><\/figure>\n\n\n\n<h3 class=\"wp-block-heading alignwide has-text-align-center\">Jessie Labov<\/h3>\n\n\n\n<h4 class=\"wp-block-heading alignwide has-text-align-center has-ext-small-font-size\">Researcher<\/h4>\n\n\n\n<figure class=\"wp-block-image alignwide size-full ek-items-center is-style-rounded\"><img loading=\"lazy\" decoding=\"async\" width=\"711\" height=\"711\" src=\"https:\/\/emigracio.abtk.hu\/wp-content\/uploads\/2022\/11\/Zsonda_Mark.jpg\" alt=\"\" class=\"wp-image-537\" srcset=\"https:\/\/emigracio.abtk.hu\/wp-content\/uploads\/2022\/11\/Zsonda_Mark.jpg 711w, https:\/\/emigracio.abtk.hu\/wp-content\/uploads\/2022\/11\/Zsonda_Mark-300x300.jpg 300w, https:\/\/emigracio.abtk.hu\/wp-content\/uploads\/2022\/11\/Zsonda_Mark-150x150.jpg 150w\" sizes=\"auto, (max-width: 711px) 100vw, 711px\" \/><\/figure>\n\n\n\n<h3 class=\"wp-block-heading alignwide has-text-align-center\">M\u00e1rk Zsonda<\/h3>\n\n\n\n<h4 class=\"wp-block-heading alignwide has-text-align-center has-ext-small-font-size\">Researcher<\/h4>\n<\/div>\n\n\n\n<div class=\"wp-block-column ext-mb-lg tablet:ext-mb-0 ext-pt-base tablet:ext-pt-0 is-layout-flow wp-block-column-is-layout-flow\" style=\"flex-basis:34%\">\n<figure class=\"wp-block-image alignwide size-full is-style-editorskit-circular ek-items-center\"><img loading=\"lazy\" decoding=\"async\" width=\"1804\" height=\"2366\" src=\"https:\/\/emigracio.abtk.hu\/wp-content\/uploads\/2022\/11\/kecskes-scaled-e1669695243820.jpg\" alt=\"\" class=\"wp-image-538\" srcset=\"https:\/\/emigracio.abtk.hu\/wp-content\/uploads\/2022\/11\/kecskes-scaled-e1669695243820.jpg 1804w, https:\/\/emigracio.abtk.hu\/wp-content\/uploads\/2022\/11\/kecskes-scaled-e1669695243820-229x300.jpg 229w, https:\/\/emigracio.abtk.hu\/wp-content\/uploads\/2022\/11\/kecskes-scaled-e1669695243820-781x1024.jpg 781w, https:\/\/emigracio.abtk.hu\/wp-content\/uploads\/2022\/11\/kecskes-scaled-e1669695243820-768x1007.jpg 768w, https:\/\/emigracio.abtk.hu\/wp-content\/uploads\/2022\/11\/kecskes-scaled-e1669695243820-1171x1536.jpg 1171w, https:\/\/emigracio.abtk.hu\/wp-content\/uploads\/2022\/11\/kecskes-scaled-e1669695243820-1562x2048.jpg 1562w\" sizes=\"auto, (max-width: 1804px) 100vw, 1804px\" \/><\/figure>\n\n\n\n<h3 class=\"wp-block-heading alignwide has-text-align-center\">Guszt\u00e1v D. Kecsk\u00e9s<\/h3>\n\n\n\n<h4 class=\"wp-block-heading alignwide has-text-align-center\">Mutat\u00f3<\/h4>\n\n\n\n<figure class=\"wp-block-image alignwide size-full is-style-editorskit-circular ek-items-center\"><img loading=\"lazy\" decoding=\"async\" width=\"351\" height=\"585\" src=\"https:\/\/emigracio.abtk.hu\/wp-content\/uploads\/2022\/10\/murber-ibolya-thumb.jpg\" alt=\"\" class=\"wp-image-315\" srcset=\"https:\/\/emigracio.abtk.hu\/wp-content\/uploads\/2022\/10\/murber-ibolya-thumb.jpg 351w, https:\/\/emigracio.abtk.hu\/wp-content\/uploads\/2022\/10\/murber-ibolya-thumb-180x300.jpg 180w\" sizes=\"auto, (max-width: 351px) 100vw, 351px\" \/><\/figure>\n\n\n\n<h3 class=\"wp-block-heading alignwide has-text-align-center has-ext-small-font-size\">Ibolya Murber<\/h3>\n\n\n\n<h4 class=\"wp-block-heading alignwide has-text-align-center has-ext-small-font-size\">Researcher<\/h4>\n\n\n\n<figure class=\"wp-block-image alignwide size-full ek-items-center is-style-editorskit-circular\"><img loading=\"lazy\" decoding=\"async\" width=\"1536\" height=\"1952\" src=\"https:\/\/emigracio.abtk.hu\/wp-content\/uploads\/2022\/11\/PL4-scaled-e1668748572599.jpg\" alt=\"\" class=\"wp-image-523\" srcset=\"https:\/\/emigracio.abtk.hu\/wp-content\/uploads\/2022\/11\/PL4-scaled-e1668748572599.jpg 1536w, https:\/\/emigracio.abtk.hu\/wp-content\/uploads\/2022\/11\/PL4-scaled-e1668748572599-236x300.jpg 236w, https:\/\/emigracio.abtk.hu\/wp-content\/uploads\/2022\/11\/PL4-scaled-e1668748572599-806x1024.jpg 806w, https:\/\/emigracio.abtk.hu\/wp-content\/uploads\/2022\/11\/PL4-scaled-e1668748572599-768x976.jpg 768w, https:\/\/emigracio.abtk.hu\/wp-content\/uploads\/2022\/11\/PL4-scaled-e1668748572599-1209x1536.jpg 1209w\" sizes=\"auto, (max-width: 1536px) 100vw, 1536px\" \/><\/figure>\n\n\n\n<h3 class=\"wp-block-heading alignwide has-text-align-center\">Patrick Leech<\/h3>\n\n\n\n<h4 class=\"wp-block-heading alignwide has-text-align-center\">Researcher<\/h4>\n<\/div>\n\n\n\n<div class=\"wp-block-column ext-mb-lg tablet:ext-mb-0 ext-pt-base tablet:ext-pt-0 is-layout-flow wp-block-column-is-layout-flow\" style=\"flex-basis:33%\">\n<figure class=\"wp-block-image alignwide size-large is-style-editorskit-circular ek-items-center\"><img loading=\"lazy\" decoding=\"async\" width=\"684\" height=\"1024\" src=\"https:\/\/emigracio.abtk.hu\/wp-content\/uploads\/2023\/10\/DSC_3833_retus-684x1024.jpg\" alt=\"\" class=\"wp-image-966\" srcset=\"https:\/\/emigracio.abtk.hu\/wp-content\/uploads\/2023\/10\/DSC_3833_retus-684x1024.jpg 684w, https:\/\/emigracio.abtk.hu\/wp-content\/uploads\/2023\/10\/DSC_3833_retus-200x300.jpg 200w, https:\/\/emigracio.abtk.hu\/wp-content\/uploads\/2023\/10\/DSC_3833_retus-768x1150.jpg 768w, https:\/\/emigracio.abtk.hu\/wp-content\/uploads\/2023\/10\/DSC_3833_retus-1025x1536.jpg 1025w, https:\/\/emigracio.abtk.hu\/wp-content\/uploads\/2023\/10\/DSC_3833_retus-1367x2048.jpg 1367w, https:\/\/emigracio.abtk.hu\/wp-content\/uploads\/2023\/10\/DSC_3833_retus-8x12.jpg 8w, https:\/\/emigracio.abtk.hu\/wp-content\/uploads\/2023\/10\/DSC_3833_retus-scaled.jpg 1709w\" sizes=\"auto, (max-width: 684px) 100vw, 684px\" \/><\/figure>\n\n\n\n<h3 class=\"wp-block-heading alignwide has-text-align-center\">N\u00f3ra De\u00e1k <\/h3>\n\n\n\n<h4 class=\"wp-block-heading alignwide has-text-align-center\">Researcher<\/h4>\n\n\n\n<figure class=\"wp-block-image alignwide size-full is-style-editorskit-circular ek-items-center\"><img loading=\"lazy\" decoding=\"async\" width=\"250\" height=\"333\" src=\"https:\/\/emigracio.abtk.hu\/wp-content\/uploads\/2022\/10\/somlai.jpg\" alt=\"\" class=\"wp-image-318\" srcset=\"https:\/\/emigracio.abtk.hu\/wp-content\/uploads\/2022\/10\/somlai.jpg 250w, https:\/\/emigracio.abtk.hu\/wp-content\/uploads\/2022\/10\/somlai-225x300.jpg 225w\" sizes=\"auto, (max-width: 250px) 100vw, 250px\" \/><\/figure>\n\n\n\n<h3 class=\"wp-block-heading alignwide has-text-align-center has-ext-small-font-size\">Katalin Somlai<\/h3>\n\n\n\n<h4 class=\"wp-block-heading alignwide has-text-align-center has-ext-small-font-size\">Researcher<\/h4>\n\n\n\n<figure class=\"wp-block-gallery has-nested-images columns-default is-cropped wp-block-gallery-1 is-layout-flex wp-block-gallery-is-layout-flex\">\n<figure class=\"wp-block-image alignwide size-full is-style-rounded\"><img loading=\"lazy\" decoding=\"async\" width=\"1709\" height=\"2560\" data-id=\"975\" src=\"https:\/\/emigracio.abtk.hu\/wp-content\/uploads\/2023\/10\/kep.kinga_-scaled.jpg\" alt=\"\" class=\"wp-image-975\" srcset=\"https:\/\/emigracio.abtk.hu\/wp-content\/uploads\/2023\/10\/kep.kinga_-scaled.jpg 1709w, https:\/\/emigracio.abtk.hu\/wp-content\/uploads\/2023\/10\/kep.kinga_-200x300.jpg 200w, https:\/\/emigracio.abtk.hu\/wp-content\/uploads\/2023\/10\/kep.kinga_-684x1024.jpg 684w, https:\/\/emigracio.abtk.hu\/wp-content\/uploads\/2023\/10\/kep.kinga_-768x1150.jpg 768w, https:\/\/emigracio.abtk.hu\/wp-content\/uploads\/2023\/10\/kep.kinga_-1026x1536.jpg 1026w, https:\/\/emigracio.abtk.hu\/wp-content\/uploads\/2023\/10\/kep.kinga_-1367x2048.jpg 1367w, https:\/\/emigracio.abtk.hu\/wp-content\/uploads\/2023\/10\/kep.kinga_-8x12.jpg 8w\" sizes=\"auto, (max-width: 1709px) 100vw, 1709px\" \/><\/figure>\n<\/figure>\n\n\n\n<h3 class=\"wp-block-heading has-text-align-center\">Kinga Constantinovits<\/h3>\n\n\n\n<h4 class=\"wp-block-heading has-text-align-center\">Researcher<\/h4>\n<\/div>\n<\/div>\n\n\n\n<p><\/p>","protected":false},"excerpt":{"rendered":"<p>Scheibner Tam\u00e1s Kutat\u00f3csoport vezet\u0151je Labov Jessie Kutat\u00f3 Zsonda M\u00e1rk Kutat\u00f3 Kecsk\u00e9s D. Guszt\u00e1v Mutat\u00f3 Murber Ibolya Kutat\u00f3 Patrick Leech Kutat\u00f3 De\u00e1k N\u00f3ra Kutat\u00f3 Somlai Katalin Kutat\u00f3 Constantinovits Kinga Kutat\u00f3<\/p>","protected":false},"author":2,"featured_media":0,"parent":563,"menu_order":0,"comment_status":"closed","ping_status":"closed","template":"","meta":{"_editorskit_title_hidden":false,"_editorskit_reading_time":1,"_editorskit_is_block_options_detached":false,"_editorskit_block_options_position":"{}","_monsterinsights_skip_tracking":false,"_monsterinsights_sitenote_active":false,"_monsterinsights_sitenote_note":"","_monsterinsights_sitenote_category":0,"footnotes":""},"class_list":["post-585","page","type-page","status-publish","hentry"],"aioseo_notices":[],"_links":{"self":[{"href":"http:\/\/emigracio.abtk.hu\/en\/wp-json\/wp\/v2\/pages\/585","targetHints":{"allow":["GET"]}}],"collection":[{"href":"http:\/\/emigracio.abtk.hu\/en\/wp-json\/wp\/v2\/pages"}],"about":[{"href":"http:\/\/emigracio.abtk.hu\/en\/wp-json\/wp\/v2\/types\/page"}],"author":[{"embeddable":true,"href":"http:\/\/emigracio.abtk.hu\/en\/wp-json\/wp\/v2\/users\/2"}],"replies":[{"embeddable":true,"href":"http:\/\/emigracio.abtk.hu\/en\/wp-json\/wp\/v2\/comments?post=585"}],"version-history":[{"count":39,"href":"http:\/\/emigracio.abtk.hu\/en\/wp-json\/wp\/v2\/pages\/585\/revisions"}],"predecessor-version":[{"id":979,"href":"http:\/\/emigracio.abtk.hu\/en\/wp-json\/wp\/v2\/pages\/585\/revisions\/979"}],"up":[{"embeddable":true,"href":"http:\/\/emigracio.abtk.hu\/en\/wp-json\/wp\/v2\/pages\/563"}],"wp:attachment":[{"href":"http:\/\/emigracio.abtk.hu\/en\/wp-json\/wp\/v2\/media?parent=585"}],"curies":[{"name":"wp","href":"https:\/\/api.w.org\/{rel}","templated":true}]}}