{"id":457,"date":"2022-10-29T18:52:02","date_gmt":"2022-10-29T16:52:02","guid":{"rendered":"https:\/\/emigracio.abtk.hu\/?page_id=457"},"modified":"2023-12-02T15:56:34","modified_gmt":"2023-12-02T14:56:34","slug":"kezdolap","status":"publish","type":"page","link":"https:\/\/emigracio.abtk.hu\/en\/","title":{"rendered":"Home"},"content":{"rendered":"\n<h2 class=\"wp-block-heading\">Az 1956 ut\u00e1ni menek\u00fcltv\u00e1ls\u00e1g \u00e9s a magyar emigr\u00e1ns k\u00f6z\u00f6ss\u00e9gek a hidegh\u00e1bor\u00fa idej\u00e9n<\/h2>\n\n\n\n<hr class=\"wp-block-separator alignfull has-alpha-channel-opacity is-style-wide\"\/>\n\n\n\n<div class=\"wp-block-columns alignfull no-border is-layout-flex wp-container-core-columns-is-layout-9d6595d7 wp-block-columns-is-layout-flex\">\n<div class=\"wp-block-column is-layout-flow wp-block-column-is-layout-flow\">\n<div class=\"wp-block-cover aligncenter is-style-editorskit-circular\" style=\"min-height:200px;aspect-ratio:unset;\"><span aria-hidden=\"true\" class=\"wp-block-cover__background has-background-dim-40 has-background-dim wp-block-cover__gradient-background has-background-gradient\" style=\"background:linear-gradient(135deg,rgb(254,205,165) 0%,rgb(254,45,45) 19%,rgb(107,0,62) 52%)\"><\/span><img loading=\"lazy\" decoding=\"async\" width=\"1024\" height=\"656\" class=\"wp-block-cover__image-background wp-image-13\" alt=\"\" src=\"https:\/\/emigracio.abtk.hu\/wp-content\/uploads\/2022\/10\/image-1024x656.jpeg\" data-object-fit=\"cover\" srcset=\"https:\/\/emigracio.abtk.hu\/wp-content\/uploads\/2022\/10\/image-1024x656.jpeg 1024w, https:\/\/emigracio.abtk.hu\/wp-content\/uploads\/2022\/10\/image-300x192.jpeg 300w, https:\/\/emigracio.abtk.hu\/wp-content\/uploads\/2022\/10\/image-768x492.jpeg 768w, https:\/\/emigracio.abtk.hu\/wp-content\/uploads\/2022\/10\/image-1536x984.jpeg 1536w, https:\/\/emigracio.abtk.hu\/wp-content\/uploads\/2022\/10\/image-2048x1312.jpeg 2048w\" sizes=\"auto, (max-width: 1024px) 100vw, 1024px\" \/><div class=\"wp-block-cover__inner-container is-layout-flow wp-block-cover-is-layout-flow\">\n<h2 class=\"wp-block-heading has-text-align-center has-white-color has-text-color\" style=\"font-size:32px\">Adatb\u00e1zis<\/h2>\n<\/div><\/div>\n\n\n\n<hr class=\"wp-block-separator alignwide has-alpha-channel-opacity is-style-wide\"\/>\n<\/div>\n\n\n\n<div class=\"wp-block-column is-layout-flow wp-block-column-is-layout-flow\">\n<div class=\"wp-block-cover aligncenter is-light is-style-editorskit-circular ek-linked-block ek-linked-block-animate\" style=\"min-height:200px;aspect-ratio:unset;\"><span aria-hidden=\"true\" class=\"wp-block-cover__background has-background-dim wp-block-cover__gradient-background has-background-gradient\" style=\"background:linear-gradient(90deg,rgb(254,205,165) 0%,rgb(254,45,45) 17%,rgb(107,0,62) 51%)\"><\/span><img loading=\"lazy\" decoding=\"async\" width=\"2560\" height=\"1595\" class=\"wp-block-cover__image-background wp-image-42\" alt=\"\" src=\"https:\/\/emigracio.abtk.hu\/wp-content\/uploads\/2022\/10\/fortepan_197800-edited-2-scaled.jpg\" style=\"object-position:50% 50%\" data-object-fit=\"cover\" data-object-position=\"50% 50%\" srcset=\"https:\/\/emigracio.abtk.hu\/wp-content\/uploads\/2022\/10\/fortepan_197800-edited-2-scaled.jpg 2560w, https:\/\/emigracio.abtk.hu\/wp-content\/uploads\/2022\/10\/fortepan_197800-edited-2-300x187.jpg 300w, https:\/\/emigracio.abtk.hu\/wp-content\/uploads\/2022\/10\/fortepan_197800-edited-2-1024x638.jpg 1024w, https:\/\/emigracio.abtk.hu\/wp-content\/uploads\/2022\/10\/fortepan_197800-edited-2-768x479.jpg 768w, https:\/\/emigracio.abtk.hu\/wp-content\/uploads\/2022\/10\/fortepan_197800-edited-2-1536x957.jpg 1536w, https:\/\/emigracio.abtk.hu\/wp-content\/uploads\/2022\/10\/fortepan_197800-edited-2-2048x1276.jpg 2048w\" sizes=\"auto, (max-width: 2560px) 100vw, 2560px\" \/><div class=\"wp-block-cover__inner-container is-layout-flow wp-block-cover-is-layout-flow\">\n<h2 class=\"wp-block-heading has-text-align-center has-white-color has-text-color\" style=\"font-size:32px\">Kiadv\u00e1nyok<\/h2>\n<\/div><a href=\"https:\/\/emigracio.abtk.hu\/kezdolap\/kutatas\/kiadvanyok\/\" class=\"editorskit-block-link\" rel=\"\"><\/a><\/div>\n\n\n\n<hr class=\"wp-block-separator alignwide has-alpha-channel-opacity is-style-wide\"\/>\n\n\n\n<p><\/p>\n<\/div>\n\n\n\n<div class=\"wp-block-column is-layout-flow wp-block-column-is-layout-flow\">\n<div class=\"wp-block-cover aligncenter is-light is-style-editorskit-circular ek-linked-block ek-linked-block-animate\" style=\"min-height:200px;aspect-ratio:unset;\"><span aria-hidden=\"true\" class=\"wp-block-cover__background has-background-dim-40 has-background-dim wp-block-cover__gradient-background has-background-gradient\" style=\"background:linear-gradient(225deg,rgb(254,205,165) 0%,rgb(254,45,45) 19%,rgb(107,0,62) 52%)\"><\/span><img loading=\"lazy\" decoding=\"async\" width=\"2560\" height=\"1609\" class=\"wp-block-cover__image-background wp-image-45\" alt=\"\" src=\"https:\/\/emigracio.abtk.hu\/wp-content\/uploads\/2022\/10\/fortepan_128571-edited-1-scaled.jpg\" data-object-fit=\"cover\" srcset=\"https:\/\/emigracio.abtk.hu\/wp-content\/uploads\/2022\/10\/fortepan_128571-edited-1-scaled.jpg 2560w, https:\/\/emigracio.abtk.hu\/wp-content\/uploads\/2022\/10\/fortepan_128571-edited-1-300x189.jpg 300w, https:\/\/emigracio.abtk.hu\/wp-content\/uploads\/2022\/10\/fortepan_128571-edited-1-1024x644.jpg 1024w, https:\/\/emigracio.abtk.hu\/wp-content\/uploads\/2022\/10\/fortepan_128571-edited-1-768x483.jpg 768w, https:\/\/emigracio.abtk.hu\/wp-content\/uploads\/2022\/10\/fortepan_128571-edited-1-1536x965.jpg 1536w, https:\/\/emigracio.abtk.hu\/wp-content\/uploads\/2022\/10\/fortepan_128571-edited-1-2048x1287.jpg 2048w\" sizes=\"auto, (max-width: 2560px) 100vw, 2560px\" \/><div class=\"wp-block-cover__inner-container is-layout-flow wp-block-cover-is-layout-flow\">\n<h2 class=\"wp-block-heading has-text-align-center is-style-rounded has-white-color has-text-color\" style=\"font-size:32px\">Bibliogr\u00e1fia<\/h2>\n<\/div><a href=\"https:\/\/emigracio.abtk.hu\/kezdolap\/kutatas\/bibliografia\/\" class=\"editorskit-block-link\" rel=\"\"><\/a><\/div>\n\n\n\n<hr class=\"wp-block-separator alignwide has-alpha-channel-opacity is-style-wide\"\/>\n<\/div>\n<\/div>\n\n\n\n<div class=\"wp-block-columns is-layout-flex wp-container-core-columns-is-layout-9d6595d7 wp-block-columns-is-layout-flex\">\n<div class=\"wp-block-column is-layout-flow wp-block-column-is-layout-flow\">\n<div class=\"wp-block-query is-layout-flow wp-block-query-is-layout-flow\"><ul class=\"wp-block-post-template is-layout-flow wp-block-post-template-is-layout-flow\"><li class=\"wp-block-post post-502 post type-post status-publish format-standard hentry category-about category-magyarul tag-celkituzesei\">\n<h2 class=\"wp-block-post-title\">C\u00e9lkit\u0171z\u00e9sek<\/h2>\n\n<div class=\"entry-content wp-block-post-content is-layout-flow wp-block-post-content-is-layout-flow\">\n<p>A projekt (1) tudom\u00e1nyos kutat\u00e1st folytat, melynek legfontosabb eredm\u00e9nye k\u00e9t k\u00e9zik\u00f6nyv (egy magyar \u00e9s egy angol nyelv\u0171) az 1956 ut\u00e1ni magyar menek\u00fcltek glob\u00e1lis letelep\u00edt\u00e9s\u00e9r\u0151l; (2) online jegyz\u00e9ket tesz k\u00f6zz\u00e9 az 1956 ut\u00e1ni menek\u00fcltv\u00e1ls\u00e1g folyamat\u00e1val, tapasztalataival \u00e9s befogad\u00e1s\u00e1val kapcsolatos els\u0151dleges \u00e9s m\u00e1sodlagos forr\u00e1sokr\u00f3l, melynek r\u00e9sz\u00e9t k\u00e9pezi egy \u00e1tfog\u00f3 tematikusan struktur\u00e1lt bibliogr\u00e1fia \u00e9s lev\u00e9lt\u00e1ri anyagok mutat\u00f3ja; (3) kereshet\u0151 adatb\u00e1zisban, anonimiz\u00e1lt form\u00e1ban regisztr\u00e1lja a menek\u00fcltek hozz\u00e1f\u00e9rhet\u0151 adatait; valamint (4) az adatb\u00e1zis inform\u00e1ci\u00f3it grafikus form\u00e1ban megjelen\u00edti (t\u00e1bl\u00e1zatok, infografik\u00e1k, interakt\u00edv t\u00e9rk\u00e9pek).<\/p>\n<\/div>\n<\/li><\/ul>\n\n<\/div>\n<\/div>\n\n\n\n<div class=\"wp-block-column is-layout-flow wp-block-column-is-layout-flow\">\n<div class=\"wp-block-query is-layout-flow wp-block-query-is-layout-flow\"><ul class=\"wp-block-post-template is-layout-flow wp-block-post-template-is-layout-flow\"><li class=\"wp-block-post post-504 post type-post status-publish format-standard hentry category-about category-magyarul tag-attekintes\">\n<h2 class=\"wp-block-post-title\">\u00c1ttekint\u00e9s<\/h2>\n\n<div class=\"wp-block-post-excerpt\"><p class=\"wp-block-post-excerpt__excerpt\">A projekt c\u00e9lja, hogy szisztematikusan \u00e9s \u00e1tfog\u00f3an megvizsg\u00e1lja Eur\u00f3pa egyik legjelent\u0151sebb k\u00f6zelm\u00faltbeli menek\u00fcltv\u00e1ls\u00e1g\u00e1t, a szovjet inv\u00e1zi\u00f3 k\u00f6vetkezt\u00e9ben 1956\/57-ben Magyarorsz\u00e1got elhagy\u00f3 mintegy k\u00e9tsz\u00e1zezer ember migr\u00e1ci\u00f3j\u00e1t \u00e9s k\u00e9s\u0151bbi sors\u00e1t.<\/p><p class=\"wp-block-post-excerpt__more-text\"><a class=\"wp-block-post-excerpt__more-link\" href=\"https:\/\/emigracio.abtk.hu\/en\/attekintes\/\">Read more \u2192<\/a><\/p><\/div>\n<\/li><\/ul>\n\n<\/div>\n<\/div>\n<\/div>\n\n\n\n<div style=\"height:10px\" aria-hidden=\"true\" class=\"wp-block-spacer\"><\/div>\n\n\n\n<hr class=\"wp-block-separator alignfull has-alpha-channel-opacity is-style-wide\"\/>\n\n\n\n<h1 class=\"wp-block-heading\">H\u00edrek<\/h1>\n\n\n\n<h2 class=\"wp-block-heading\">Egy vil\u00e1grasz\u00f3l\u00f3 t\u00f6rt\u00e9net. Az 1956-os magyar menek\u00fcltv\u00e1ls\u00e1g k\u00e9zik\u00f6nyve | K\u00f6nyvbemutat\u00f3<\/h2>\n\n\n\n<p>2022. november 29., Kedd,&nbsp;11:00 <\/p>\n\n\n\n<p><a href=\"https:\/\/abtk.hu\/esemenynaptar\/esem\u00e9ny%20r\u00e9szletei\/379\/-\/egy-vilagraszolo-tortenet-az-1956-os-magyar-menekultvalsag-kezikonyve-konyvbemutato\" class=\"ek-link\">https:\/\/abtk.hu\/esemenynaptar\/esem\u00e9ny%20r\u00e9szletei\/379\/-\/egy-vilagraszolo-tortenet-az-1956-os-magyar-menekultvalsag-kezikonyve-konyvbemutato<\/a><\/p>\n\n\n<div class=\"wp-block-image\">\n<figure class=\"aligncenter size-large is-resized\"><img loading=\"lazy\" decoding=\"async\" width=\"1024\" height=\"724\" src=\"https:\/\/emigracio.abtk.hu\/wp-content\/uploads\/2022\/11\/image-1-1024x724.png\" alt=\"\" class=\"wp-image-597\" style=\"width:1024px;height:724px\" srcset=\"https:\/\/emigracio.abtk.hu\/wp-content\/uploads\/2022\/11\/image-1-1024x724.png 1024w, https:\/\/emigracio.abtk.hu\/wp-content\/uploads\/2022\/11\/image-1-300x212.png 300w, https:\/\/emigracio.abtk.hu\/wp-content\/uploads\/2022\/11\/image-1-768x543.png 768w, https:\/\/emigracio.abtk.hu\/wp-content\/uploads\/2022\/11\/image-1-1536x1086.png 1536w, https:\/\/emigracio.abtk.hu\/wp-content\/uploads\/2022\/11\/image-1.png 1754w\" sizes=\"auto, (max-width: 1024px) 100vw, 1024px\" \/><\/figure>\n<\/div>\n\n\n<div class=\"wp-block-cover alignfull is-light\" style=\"min-height:413px;aspect-ratio:unset;\"><span aria-hidden=\"true\" class=\"wp-block-cover__background has-background-dim-40 has-background-dim\"><\/span><img loading=\"lazy\" decoding=\"async\" width=\"2535\" height=\"2560\" class=\"wp-block-cover__image-background wp-image-280\" alt=\"\" src=\"https:\/\/emigracio.abtk.hu\/wp-content\/uploads\/2022\/10\/fortepan_197803-scaled.jpg\" style=\"object-position:61% 10%\" data-object-fit=\"cover\" data-object-position=\"61% 10%\" srcset=\"https:\/\/emigracio.abtk.hu\/wp-content\/uploads\/2022\/10\/fortepan_197803-scaled.jpg 2535w, https:\/\/emigracio.abtk.hu\/wp-content\/uploads\/2022\/10\/fortepan_197803-297x300.jpg 297w, https:\/\/emigracio.abtk.hu\/wp-content\/uploads\/2022\/10\/fortepan_197803-1014x1024.jpg 1014w, https:\/\/emigracio.abtk.hu\/wp-content\/uploads\/2022\/10\/fortepan_197803-150x150.jpg 150w, https:\/\/emigracio.abtk.hu\/wp-content\/uploads\/2022\/10\/fortepan_197803-768x776.jpg 768w, https:\/\/emigracio.abtk.hu\/wp-content\/uploads\/2022\/10\/fortepan_197803-1521x1536.jpg 1521w, https:\/\/emigracio.abtk.hu\/wp-content\/uploads\/2022\/10\/fortepan_197803-2028x2048.jpg 2028w\" sizes=\"auto, (max-width: 2535px) 100vw, 2535px\" \/><div class=\"wp-block-cover__inner-container is-layout-flow wp-block-cover-is-layout-flow\">\n<div class=\"wp-block-columns alignfull has-background is-layout-flex wp-container-core-columns-is-layout-9d6595d7 wp-block-columns-is-layout-flex\" style=\"background-color:#00000099\">\n<div class=\"wp-block-column is-layout-flow wp-block-column-is-layout-flow\" style=\"flex-basis:40%\">\n<h2 class=\"wp-block-heading has-text-align-center has-white-color has-text-color has-medium-font-size\">&#8222;Az 1956 ut\u00e1ni menek\u00fcltv\u00e1ls\u00e1g \u00e9s a magyar emigr\u00e1ns k\u00f6z\u00f6ss\u00e9gek a hidegh\u00e1bor\u00fa idej\u00e9n\u201d c\u00edm\u0171 projekt az ELKH B\u00f6lcs\u00e9szettudom\u00e1nyi Kutat\u00f3k\u00f6zpont T\u00f6rt\u00e9nettudom\u00e1nyi Int\u00e9zet\u00e9ben m\u0171k\u00f6dik \u00e9s a Nemzeti Kutat\u00e1si, Fejleszt\u00e9si \u00e9s Innov\u00e1ci\u00f3s Hivatalt\u00f3l kapott t\u00e1mogat\u00e1st (NKFI-FK-1 135586).<\/h2>\n<\/div>\n\n\n\n<div class=\"wp-block-column has-background is-layout-flow wp-block-column-is-layout-flow\" style=\"background-color:#ffffffbd;flex-basis:10%\"><div class=\"wp-block-image is-style-default\">\n<figure class=\"aligncenter size-medium is-resized\"><img loading=\"lazy\" decoding=\"async\" width=\"300\" height=\"235\" src=\"https:\/\/emigracio.abtk.hu\/wp-content\/uploads\/2022\/10\/BTK_en_color-1-300x235.png\" alt=\"\" class=\"wp-image-296\" style=\"width:75px;height:59px\"\/><\/figure>\n<\/div><\/div>\n\n\n\n<div class=\"wp-block-column is-layout-flow wp-block-column-is-layout-flow\" style=\"flex-basis:40%\">\n<h2 class=\"wp-block-heading has-text-align-center has-white-color has-text-color has-medium-font-size\"><strong>Kapcsolat<\/strong><br><\/h2>\n\n\n\n<h2 class=\"wp-block-heading has-text-align-center has-white-color has-text-color has-medium-font-size\">T\u00f6rt\u00e9nettudom\u00e1nyi Int\u00e9zet, B\u00f6lcs\u00e9szettudom\u00e1nyi Kutat\u00f3k\u00f6zpont ELKH<\/h2>\n\n\n\n<h2 class=\"wp-block-heading has-text-align-center has-white-color has-text-color has-medium-font-size\">1097 Budapest, T\u00f3th K\u00e1lm\u00e1n utca 4. <\/h2>\n\n\n\n<h2 class=\"wp-block-heading has-text-align-center has-white-color has-text-color has-medium-font-size\">scheibner.tamas[@]abtk.hu<br><\/h2>\n<\/div>\n<\/div>\n<\/div><\/div>\n","protected":false},"excerpt":{"rendered":"<p>Az 1956 ut\u00e1ni menek\u00fcltv\u00e1ls\u00e1g \u00e9s a magyar emigr\u00e1ns k\u00f6z\u00f6ss\u00e9gek a hidegh\u00e1bor\u00fa idej\u00e9n H\u00edrek Egy vil\u00e1grasz\u00f3l\u00f3 t\u00f6rt\u00e9net. Az 1956-os magyar menek\u00fcltv\u00e1ls\u00e1g k\u00e9zik\u00f6nyve | K\u00f6nyvbemutat\u00f3 2022. november 29., Kedd,&nbsp;11:00 https:\/\/abtk.hu\/esemenynaptar\/esem\u00e9ny%20r\u00e9szletei\/379\/-\/egy-vilagraszolo-tortenet-az-1956-os-magyar-menekultvalsag-kezikonyve-konyvbemutato<\/p>","protected":false},"author":2,"featured_media":0,"parent":0,"menu_order":0,"comment_status":"closed","ping_status":"closed","template":"page-template\/custom-frontpage.php","meta":{"_editorskit_title_hidden":false,"_editorskit_reading_time":1,"_editorskit_is_block_options_detached":false,"_editorskit_block_options_position":"{}","_monsterinsights_skip_tracking":false,"_monsterinsights_sitenote_active":false,"_monsterinsights_sitenote_note":"","_monsterinsights_sitenote_category":0,"footnotes":""},"class_list":["post-457","page","type-page","status-publish","hentry"],"aioseo_notices":[],"_links":{"self":[{"href":"https:\/\/emigracio.abtk.hu\/en\/wp-json\/wp\/v2\/pages\/457","targetHints":{"allow":["GET"]}}],"collection":[{"href":"https:\/\/emigracio.abtk.hu\/en\/wp-json\/wp\/v2\/pages"}],"about":[{"href":"https:\/\/emigracio.abtk.hu\/en\/wp-json\/wp\/v2\/types\/page"}],"author":[{"embeddable":true,"href":"https:\/\/emigracio.abtk.hu\/en\/wp-json\/wp\/v2\/users\/2"}],"replies":[{"embeddable":true,"href":"https:\/\/emigracio.abtk.hu\/en\/wp-json\/wp\/v2\/comments?post=457"}],"version-history":[{"count":22,"href":"https:\/\/emigracio.abtk.hu\/en\/wp-json\/wp\/v2\/pages\/457\/revisions"}],"predecessor-version":[{"id":1016,"href":"https:\/\/emigracio.abtk.hu\/en\/wp-json\/wp\/v2\/pages\/457\/revisions\/1016"}],"wp:attachment":[{"href":"https:\/\/emigracio.abtk.hu\/en\/wp-json\/wp\/v2\/media?parent=457"}],"curies":[{"name":"wp","href":"https:\/\/api.w.org\/{rel}","templated":true}]}}