{"id":476,"date":"2022-10-29T19:57:44","date_gmt":"2022-10-29T17:57:44","guid":{"rendered":"https:\/\/emigracio.abtk.hu\/?page_id=476"},"modified":"2024-05-07T11:29:56","modified_gmt":"2024-05-07T09:29:56","slug":"onkentesek","status":"publish","type":"page","link":"https:\/\/emigracio.abtk.hu\/en\/kezdolap\/rolunk\/onkentesek\/","title":{"rendered":"Volunteer Program &amp; University Internships"},"content":{"rendered":"\n<p>A projekt fontos eleme az 1956-os menek\u00fclteket regisztr\u00e1l\u00f3 indexk\u00e1rty\u00e1k \u00e1t\u00edr\u00e1sa. A menek\u00fcltek alapvet\u0151 adatait tartalmaz\u00f3 k\u00e1rty\u00e1k digitaliz\u00e1lt v\u00e1ltozat\u00e1t el\u0151sz\u00f6r automatikus sz\u00f6vegfelismer\u00e9snek vetj\u00fck al\u00e1, majd munkat\u00e1rsaink egy online fel\u00fcleten ellen\u0151rzik, hogy a sz\u00e1m\u00edt\u00f3g\u00e9p j\u00f3l \u00edrta-e \u00e1t az adatokat. Sz\u00fcks\u00e9g eset\u00e9n jav\u00edtj\u00e1k a hib\u00e1kat. <\/p>\n\n\n\n<p>Munk\u00e1nkat \u00d6n is seg\u00edtheti, ha jelentkezik \u00f6nk\u00e9ntes programunkba! Nincs m\u00e1s teend\u0151je, mint nev\u00e9t \u00e9s el\u00e9rhet\u0151s\u00e9g\u00e9t megadni az <a href=\"https:\/\/forms.gle\/XRYn8xsuhjwCn66h6\" class=\"ek-link\">al\u00e1bbi k\u00e9rd\u0151\u00edven<\/a>, munkat\u00e1rsunk hamarosan jelentkezni fog!<\/p>\n\n\n\n<p><a href=\"https:\/\/forms.gle\/XRYn8xsuhjwCn66h6\" class=\"ek-link\">Link a k\u00e9rd\u0151\u00edvhez<\/a><\/p>\n\n\n\n<p>A gyakornoki munka egyetemist\u00e1knak a diplomaszerz\u00e9shez is sz\u00fcks\u00e9ges: a B\u00f6lcs\u00e9szettudom\u00e1nyi Kutat\u00f3k\u00f6zpont hivatalosan igazolja a gyakornoki tev\u00e9kenys\u00e9get.<\/p>\n\n\n\n<p>Gyakornokaink:<\/p>\n\n\n\n<p>Halmos B\u00e1lint<\/p>\n\n\n\n<p>Lais T. Mendes<\/p>\n\n\n\n<p>Solymosi Lili<\/p>\n\n\n\n<p>Varga Zs\u00f3fia<\/p>\n\n\n\n<p><\/p>\n\n\n\n<hr class=\"wp-block-separator has-alpha-channel-opacity\"\/>\n\n\n\n<p><a href=\"https:\/\/emigracio.abtk.hu\/wp-content\/uploads\/2023\/12\/JDC-Processing-Instructions.pdf\" class=\"ek-link\">Card Processing Quick Start Guide [ENG]<\/a><\/p>\n\n\n\n<p><a href=\"https:\/\/emigracio.abtk.hu\/wp-content\/uploads\/2023\/12\/Card-Processing-Tutorial.mp4\" class=\"ek-link\">Card Processing Tutorial Video [ENG]<\/a><\/p>\n","protected":false},"excerpt":{"rendered":"<p>A projekt fontos eleme az 1956-os menek\u00fclteket regisztr\u00e1l\u00f3 indexk\u00e1rty\u00e1k \u00e1t\u00edr\u00e1sa. A menek\u00fcltek alapvet\u0151 adatait tartalmaz\u00f3 k\u00e1rty\u00e1k digitaliz\u00e1lt v\u00e1ltozat\u00e1t el\u0151sz\u00f6r automatikus sz\u00f6vegfelismer\u00e9snek vetj\u00fck al\u00e1, majd munkat\u00e1rsaink egy online fel\u00fcleten ellen\u0151rzik, hogy a sz\u00e1m\u00edt\u00f3g\u00e9p j\u00f3l \u00edrta-e \u00e1t az adatokat. Sz\u00fcks\u00e9g eset\u00e9n jav\u00edtj\u00e1k a hib\u00e1kat. Munk\u00e1nkat \u00d6n is seg\u00edtheti, ha jelentkezik \u00f6nk\u00e9ntes programunkba! Nincs m\u00e1s teend\u0151je, mint nev\u00e9t [&hellip;]<\/p>\n","protected":false},"author":2,"featured_media":0,"parent":465,"menu_order":2,"comment_status":"closed","ping_status":"closed","template":"","meta":{"_editorskit_title_hidden":false,"_editorskit_reading_time":1,"_editorskit_is_block_options_detached":false,"_editorskit_block_options_position":"{}","_monsterinsights_skip_tracking":false,"_monsterinsights_sitenote_active":false,"_monsterinsights_sitenote_note":"","_monsterinsights_sitenote_category":0,"footnotes":""},"class_list":["post-476","page","type-page","status-publish","hentry"],"aioseo_notices":[],"_links":{"self":[{"href":"https:\/\/emigracio.abtk.hu\/en\/wp-json\/wp\/v2\/pages\/476","targetHints":{"allow":["GET"]}}],"collection":[{"href":"https:\/\/emigracio.abtk.hu\/en\/wp-json\/wp\/v2\/pages"}],"about":[{"href":"https:\/\/emigracio.abtk.hu\/en\/wp-json\/wp\/v2\/types\/page"}],"author":[{"embeddable":true,"href":"https:\/\/emigracio.abtk.hu\/en\/wp-json\/wp\/v2\/users\/2"}],"replies":[{"embeddable":true,"href":"https:\/\/emigracio.abtk.hu\/en\/wp-json\/wp\/v2\/comments?post=476"}],"version-history":[{"count":11,"href":"https:\/\/emigracio.abtk.hu\/en\/wp-json\/wp\/v2\/pages\/476\/revisions"}],"predecessor-version":[{"id":1034,"href":"https:\/\/emigracio.abtk.hu\/en\/wp-json\/wp\/v2\/pages\/476\/revisions\/1034"}],"up":[{"embeddable":true,"href":"https:\/\/emigracio.abtk.hu\/en\/wp-json\/wp\/v2\/pages\/465"}],"wp:attachment":[{"href":"https:\/\/emigracio.abtk.hu\/en\/wp-json\/wp\/v2\/media?parent=476"}],"curies":[{"name":"wp","href":"https:\/\/api.w.org\/{rel}","templated":true}]}}