{"id":563,"date":"2022-11-28T10:06:56","date_gmt":"2022-11-28T09:06:56","guid":{"rendered":"https:\/\/emigracio.abtk.hu\/?page_id=563"},"modified":"2022-11-28T10:31:13","modified_gmt":"2022-11-28T09:31:13","slug":"kiadvanyok","status":"publish","type":"page","link":"https:\/\/emigracio.abtk.hu\/en\/kezdolap\/kutatas\/kiadvanyok\/","title":{"rendered":"Handbooks"},"content":{"rendered":"<h2 class=\"wp-block-heading\">A Global History: The 1956 Hungarian Refugee Crisis Handbook, (eds. Guszt\u00e1v D. Kecsk\u00e9s, Tam\u00e1s Scheibner), Budapest: BTK TTI, 2022. <\/h2>\n\n\n\n<div class=\"wp-block-media-text is-stacked-on-mobile is-vertically-aligned-top has-media-on-the-top\"><figure class=\"wp-block-media-text__media\"><img loading=\"lazy\" decoding=\"async\" width=\"1024\" height=\"677\" src=\"https:\/\/emigracio.abtk.hu\/wp-content\/uploads\/2022\/11\/Kecskes_Scheibner_1956_borito-1024x677.jpg\" alt=\"\" class=\"wp-image-556 size-full\" srcset=\"https:\/\/emigracio.abtk.hu\/wp-content\/uploads\/2022\/11\/Kecskes_Scheibner_1956_borito-1024x677.jpg 1024w, https:\/\/emigracio.abtk.hu\/wp-content\/uploads\/2022\/11\/Kecskes_Scheibner_1956_borito-300x198.jpg 300w, https:\/\/emigracio.abtk.hu\/wp-content\/uploads\/2022\/11\/Kecskes_Scheibner_1956_borito-768x507.jpg 768w, https:\/\/emigracio.abtk.hu\/wp-content\/uploads\/2022\/11\/Kecskes_Scheibner_1956_borito-1536x1015.jpg 1536w, https:\/\/emigracio.abtk.hu\/wp-content\/uploads\/2022\/11\/Kecskes_Scheibner_1956_borito-2048x1353.jpg 2048w\" sizes=\"auto, (max-width: 1024px) 100vw, 1024px\" \/><\/figure><div class=\"wp-block-media-text__content\">\n<p><\/p>\n\n\n\n<p class=\"has-text-align-center\">CONTENTS<\/p>\n\n\n\n<p>Az 1956-os menek\u00fcltek kutat\u00e1sa. El\u0151sz\u00f3 <em>Foreword: Research on the 1956 Refugees \/ Guszt\u00e1v D. Kecsk\u00e9s &amp; Tam\u00e1s Scheibner<\/em><\/p>\n\n\n\n<p>I. Context<\/p>\n\n\n\n<p class=\"has-ek-indent\" style=\"--ek-indent:20px\">A single tree in the crowd? The Hungarian refugee crisis in a global context <em>\/ <\/em><em>Jussi M. Hanhim\u00e4ki<\/em><\/p>\n\n\n\n<p class=\"has-ek-indent\" style=\"--ek-indent:20px\">Migration from Eastern and Central Europe during the Cold War <em>\/ S\u0142awomir \u0141ukasiewicz<\/em><\/p>\n\n\n\n<p>II. INTERNATIONAL ORGANIZATIONS<\/p>\n\n\n\n<div class=\"wp-block-group\"><div class=\"wp-block-group__inner-container is-layout-constrained wp-block-group-is-layout-constrained\">\n<p class=\"has-ek-indent\" style=\"--ek-indent:20px\">UN General Assembly \/ <em>Georg Kastner<\/em><\/p>\n\n\n\n<p class=\"has-ek-indent\" style=\"--ek-indent:20px\">United Nations High Commissioner for Refugees \/ <em>Marjoleine Zieck<\/em><\/p>\n\n\n\n<p class=\"has-ek-indent\" style=\"--ek-indent:20px\">The UN Special Committee dealing with the problem of Hungary \/ <em>Andr\u00e1s Nagy<\/em><\/p>\n\n\n\n<p class=\"has-ek-indent\" style=\"--ek-indent:20px\">League of Red Cross Societies \/ <em>Guszt\u00e1v D. Kecsk\u00e9s<\/em><\/p>\n\n\n\n<p class=\"has-ek-indent\" style=\"--ek-indent:20px\">American Philanthropic Organizations \/ <em>Tam\u00e1s Scheibner<\/em><\/p>\n\n\n\n<p class=\"has-ek-indent\" style=\"--ek-indent:20px\">Churches and religious communities \/ <em>James P. Niessen<\/em><\/p>\n\n\n\n<p class=\"has-ek-indent\" style=\"--ek-indent:20px\">Assembly of Captive European Nations (ACEN) \/ <em>Anna Mazurkiewicz<\/em><\/p>\n\n\n\n<p><\/p>\n<\/div><\/div>\n\n\n\n<p>III. THE REFUGEES<\/p>\n\n\n\n<p class=\"has-ek-indent\" style=\"--ek-indent:20px\">Statistical characteristics of refugees \/ <em>Ibolya Murber<\/em><\/p>\n\n\n\n<p class=\"has-ek-indent\" style=\"--ek-indent:20px\">The refugee policy of the K\u00e1d\u00e1r government \/ <em>Magdolna Bar\u00e1th<\/em><\/p>\n\n\n\n<p class=\"has-ek-indent\" style=\"--ek-indent:20px\">The repatriation \/ <em>Andr\u00e1s L\u00e9n\u00e1rt<\/em><\/p>\n\n\n\n<p class=\"has-ek-indent\" style=\"--ek-indent:20px\">Repatriating refugees: the example of Switzerland (1956\u20121963) \/ <em>Robert Tiphaine<\/em><\/p>\n\n\n\n<p class=\"has-ek-indent\" style=\"--ek-indent:20px\">The Hungarian secret services and the emigrants of 1956 \/ <em>M\u00e1ria Palasik<\/em><\/p>\n\n\n\n<p class=\"has-ek-indent\" style=\"--ek-indent:20px\">The Soviet Union and Hungarian refugees in Austria \/ <em>Peter Ruggenthaler \u2013 Maximilian Graf<\/em><\/p>\n\n\n\n<p class=\"has-ek-indent\" style=\"--ek-indent:20px\">International aid in '56 life stories \/ <em>Katalin Somlai<\/em><\/p>\n\n\n\n<p class=\"has-ek-indent\" style=\"--ek-indent:20px\">Fugitive university students become successful intellectuals. Fates \/ <em>J\u00e1nos Kubassek<\/em><\/p>\n\n\n\n<p class=\"has-ek-indent\" style=\"--ek-indent:20px\">The demographic effects of the 1956 emigration in Hungary \/ <em>S\u00e1ndor Ill\u00e9s<\/em><\/p>\n\n\n\n<p>IV. COUNTRY STUDIES: EUROPE<\/p>\n\n\n\n<p class=\"has-ek-indent\" style=\"--ek-indent:20px\">Austria \/ <em>Ibolya Murber<\/em><\/p>\n\n\n\n<p class=\"has-ek-indent\" style=\"--ek-indent:20px\">Yugoslavia \/ <em>Ibolya Murber &amp; Katarina Kova\u010devi\u0107<\/em><\/p>\n\n\n\n<p class=\"has-ek-indent\" style=\"--ek-indent:20px\">Federal Republic of Germany \/ <em>Ferenc Cseresny\u00e9s &amp; Andreas Schmidt-Schweizer<\/em><\/p>\n\n\n\n<p class=\"has-ek-indent\" style=\"--ek-indent:20px\">Switzerland \/ <em>Guszt\u00e1v D. Kecsk\u00e9s<\/em><\/p>\n\n\n\n<p class=\"has-ek-indent\" style=\"--ek-indent:20px\">Liechtenstein \/ <em>Ibolya Murber<\/em><\/p>\n\n\n\n<p class=\"has-ek-indent\" style=\"--ek-indent:20px\">United Kingdom \/ <em>Gyula Heged\u0171s<\/em><\/p>\n\n\n\n<p class=\"has-ek-indent\" style=\"--ek-indent:20px\">Ireland \/ <em>Bal\u00e1zs Apor<\/em><\/p>\n\n\n\n<p class=\"has-ek-indent\" style=\"--ek-indent:20px\">France \/ <em>Guszt\u00e1v D. Kecsk\u00e9s<\/em><\/p>\n\n\n\n<p class=\"has-ek-indent\" style=\"--ek-indent:20px\">Belgium \/ <em>Frank Caestecker &amp; Vera Hajt\u00f3<\/em><\/p>\n\n\n\n<p class=\"has-ek-indent\" style=\"--ek-indent:20px\">The Netherlands <em>Marjoleine Zieck<\/em><\/p>\n\n\n\n<p class=\"has-ek-indent\" style=\"--ek-indent:20px\">Norway \/ <em>Hallvard Tjelmeland<\/em><\/p>\n\n\n\n<p class=\"has-ek-indent\" style=\"--ek-indent:20px\">Sweden \/ <em>Anders Wigerfelt-Svensson<\/em><\/p>\n\n\n\n<p class=\"has-ek-indent\" style=\"--ek-indent:20px\">Denmark \/ <em>Anders Wigerfelt-Svensson<\/em><\/p>\n\n\n\n<p class=\"has-ek-indent\" style=\"--ek-indent:20px\">Finland \/ <em>Iv\u00e1n Szeg\u0151<\/em><\/p>\n\n\n\n<p class=\"has-ek-indent\" style=\"--ek-indent:20px\">Iceland \/ <em>Vikt\u00f3ria Gy\u00f6nki<\/em><\/p>\n\n\n\n<p class=\"has-ek-indent\" style=\"--ek-indent:20px\">Italy \/ <em>Andrea Carteny \u2013 Elena Tosti Di Stefano<\/em><\/p>\n\n\n\n<p class=\"has-ek-indent\" style=\"--ek-indent:20px\">Spain \/ <em>Andr\u00e1s T. L\u00e9n\u00e1rt<\/em><\/p>\n\n\n\n<p class=\"has-ek-indent\" style=\"--ek-indent:20px\">Portugal \/ <em>Istv\u00e1n Szil\u00e1gyi<\/em><\/p>\n\n\n\n<p>V. COUNTRY AND REGION STUDIES: OUTSIDE EUROPE<\/p>\n\n\n\n<p class=\"has-ek-indent\" style=\"--ek-indent:20px\">United States \/ <em>N\u00f3ra De\u00e1k<\/em><\/p>\n\n\n\n<p class=\"has-ek-indent\" style=\"--ek-indent:20px\">Canada \/ <em>Christopher Adam<\/em><\/p>\n\n\n\n<p class=\"has-ek-indent\" style=\"--ek-indent:20px\">Latin America \/ <em>Zsuzsanna Csik\u00f3s<\/em><\/p>\n\n\n\n<p class=\"has-ek-indent\" style=\"--ek-indent:20px\">Brazil \/ <em>Judit \u00c1gnes Szil\u00e1gyi<\/em><\/p>\n\n\n\n<p class=\"has-ek-indent\" style=\"--ek-indent:20px\">Argentina \/ <em>M\u00e1rk Zsonda<\/em><\/p>\n\n\n\n<p class=\"has-ek-indent\" style=\"--ek-indent:20px\">Dominican Republic \/ <em>Domingo Lil\u00f3n<\/em><\/p>\n\n\n\n<p class=\"has-ek-indent\" style=\"--ek-indent:20px\">Peru \/ <em>Katalin Jancs\u00f3<\/em><\/p>\n\n\n\n<p class=\"has-ek-indent\" style=\"--ek-indent:20px\">Mexico \/ <em>M\u00f3nika Szente-Varga &amp; Agust\u00edn S\u00e1nchez Andr\u00e9s<\/em><\/p>\n\n\n\n<p class=\"has-ek-indent\" style=\"--ek-indent:20px\">Turkey \/ <em>Emre Saral<\/em><\/p>\n\n\n\n<p class=\"has-ek-indent\" style=\"--ek-indent:20px\">Israel \/ <em>Andr\u00e1s L\u00e9n\u00e1rt<\/em><\/p>\n\n\n\n<p class=\"has-ek-indent\" style=\"--ek-indent:20px\">Australia \/ <em>Dawn Bolge<\/em><\/p>\n\n\n\n<p class=\"has-ek-indent\" style=\"--ek-indent:20px\">South African Union \/ <em>G\u00e1bor B\u00far<\/em><\/p>\n\n\n\n<p>VI. SUMMARY<\/p>\n\n\n\n<p class=\"has-ek-indent\" style=\"--ek-indent:20px\">Local refugee crisis - global solutions. Reception of the Hungarian refugees of 1956 \/ <em>Guszt\u00e1v D. Kecsk\u00e9s &amp; Tam\u00e1s Scheibner<\/em><\/p>\n\n\n\n<p>VII. APPENDIX<\/p>\n\n\n\n<p><\/p>\n<\/div><\/div>","protected":false},"excerpt":{"rendered":"<p>A Global History: The 1956 Hungarian Refugee Crisis Handbook, (eds. Guszt\u00e1v D. Kecsk\u00e9s, Tam\u00e1s Scheibner), Budapest: BTK TTI, 2022.<\/p>","protected":false},"author":3,"featured_media":0,"parent":467,"menu_order":0,"comment_status":"closed","ping_status":"closed","template":"","meta":{"_editorskit_title_hidden":false,"_editorskit_reading_time":1,"_editorskit_is_block_options_detached":false,"_editorskit_block_options_position":"{}","_monsterinsights_skip_tracking":false,"_monsterinsights_sitenote_active":false,"_monsterinsights_sitenote_note":"","_monsterinsights_sitenote_category":0,"footnotes":""},"class_list":["post-563","page","type-page","status-publish","hentry"],"aioseo_notices":[],"_links":{"self":[{"href":"https:\/\/emigracio.abtk.hu\/en\/wp-json\/wp\/v2\/pages\/563","targetHints":{"allow":["GET"]}}],"collection":[{"href":"https:\/\/emigracio.abtk.hu\/en\/wp-json\/wp\/v2\/pages"}],"about":[{"href":"https:\/\/emigracio.abtk.hu\/en\/wp-json\/wp\/v2\/types\/page"}],"author":[{"embeddable":true,"href":"https:\/\/emigracio.abtk.hu\/en\/wp-json\/wp\/v2\/users\/3"}],"replies":[{"embeddable":true,"href":"https:\/\/emigracio.abtk.hu\/en\/wp-json\/wp\/v2\/comments?post=563"}],"version-history":[{"count":3,"href":"https:\/\/emigracio.abtk.hu\/en\/wp-json\/wp\/v2\/pages\/563\/revisions"}],"predecessor-version":[{"id":571,"href":"https:\/\/emigracio.abtk.hu\/en\/wp-json\/wp\/v2\/pages\/563\/revisions\/571"}],"up":[{"embeddable":true,"href":"https:\/\/emigracio.abtk.hu\/en\/wp-json\/wp\/v2\/pages\/467"}],"wp:attachment":[{"href":"https:\/\/emigracio.abtk.hu\/en\/wp-json\/wp\/v2\/media?parent=563"}],"curies":[{"name":"wp","href":"https:\/\/api.w.org\/{rel}","templated":true}]}}