{"id":465,"date":"2022-10-29T19:00:21","date_gmt":"2022-10-29T17:00:21","guid":{"rendered":"https:\/\/emigracio.abtk.hu\/?page_id=465"},"modified":"2022-12-19T22:49:11","modified_gmt":"2022-12-19T21:49:11","slug":"rolunk","status":"publish","type":"page","link":"https:\/\/emigracio.abtk.hu\/hu\/kezdolap\/rolunk\/","title":{"rendered":"R\u00f3lunk"},"content":{"rendered":"\n<div class=\"wp-block-query is-layout-flow wp-block-query-is-layout-flow\"><ul class=\"wp-block-post-template is-layout-flow wp-block-post-template-is-layout-flow\"><li class=\"wp-block-post post-504 post type-post status-publish format-standard hentry category-about category-magyarul tag-attekintes\">\n<h2 class=\"wp-block-post-title\">\u00c1ttekint\u00e9s<\/h2>\n\n<div class=\"entry-content wp-block-post-content is-layout-flow wp-block-post-content-is-layout-flow\">\n<p>A projekt c\u00e9lja, hogy szisztematikusan \u00e9s \u00e1tfog\u00f3an megvizsg\u00e1lja Eur\u00f3pa egyik legjelent\u0151sebb k\u00f6zelm\u00faltbeli menek\u00fcltv\u00e1ls\u00e1g\u00e1t, a szovjet inv\u00e1zi\u00f3 k\u00f6vetkezt\u00e9ben 1956\/57-ben Magyarorsz\u00e1got elhagy\u00f3 mintegy k\u00e9tsz\u00e1zezer ember migr\u00e1ci\u00f3j\u00e1t \u00e9s k\u00e9s\u0151bbi sors\u00e1t.<\/p>\n\n\n\n<p>T\u00f6bbfajta kutat\u00e1si seg\u00e9dletet k\u00e9sz\u00edt\u00fcnk hallgat\u00f3k \u00e9s kutat\u00f3k sz\u00e1m\u00e1ra. Angol \u00e9s magyar nyelv\u0171 k\u00e9zik\u00f6nyveink a t\u00e9ma kutat\u00e1s\u00e1nak jelenlegi \u00e1ll\u00e1s\u00e1r\u00f3l tud\u00f3s\u00edtanak \u00e9s lehet\u0151v\u00e9 teszik az \u00e9lvonalbeli kutat\u00e1sok oktat\u00e1si c\u00e9l\u00fa felhaszn\u00e1l\u00e1s\u00e1t. Egy \u00e1tfog\u00f3 online \u00fatmutat\u00f3t k\u00e9sz\u00edt\u00fcnk a lev\u00e9lt\u00e1ri forr\u00e1sokhoz, valamint struktur\u00e1lt tematikus bibliogr\u00e1fi\u00e1val seg\u00edtj\u00fck az \u00faj kutat\u00e1sok ind\u00edt\u00e1s\u00e1t. F\u00f6ldrajzi hivatkoz\u00e1sokkal (GIS) \u00f6sszekapcsolt adatb\u00e1zisunk lehet\u0151v\u00e9 teszi, hogy a menek\u00fcltek egyes csoportjainak migr\u00e1ci\u00f3s \u00fatvonalait nyomon k\u00f6vess\u00fck, valamint hogy felt\u00e1rjuk a menek\u00fclt \u00e9s emigr\u00e1ns kapcsolath\u00e1l\u00f3zatokat. Az 1956\/57-es menek\u00fcltek sors\u00e1t a befogad\u00f3 t\u00e1rsadalmakra \u00e9s nemzetk\u00f6zi szervezetekre tett hat\u00e1suk f\u00e9ny\u00e9ben szeretn\u00e9nk meg\u00e9rteni.<\/p>\n\n\n\n<p>\u201eAz 1956 ut\u00e1ni menek\u00fcltv\u00e1ls\u00e1g \u00e9s magyar emigr\u00e1ns k\u00f6z\u00f6ss\u00e9gek a hidegh\u00e1bor\u00fa idej\u00e9n\u201d elnevez\u00e9s\u0171 projekt gazd\u00e1ja az ELKH B\u00f6lcs\u00e9szettudom\u00e1nyi Kutat\u00f3k\u00f6zpont T\u00f6rt\u00e9nettudom\u00e1nyi Int\u00e9zete \u00e9s a Nemzeti Kutat\u00e1si, Fejleszt\u00e9si \u00e9s Innov\u00e1ci\u00f3s Hivatalt\u00f3l kapott t\u00e1mogat\u00e1s\u00e1val (NKFI-FK-1 135586) m\u0171k\u00f6dik.<\/p>\n<\/div>\n<\/li><li class=\"wp-block-post post-502 post type-post status-publish format-standard hentry category-about category-magyarul tag-celkituzesei\">\n<h2 class=\"wp-block-post-title\">C\u00e9lkit\u0171z\u00e9sek<\/h2>\n\n<div class=\"entry-content wp-block-post-content is-layout-flow wp-block-post-content-is-layout-flow\">\n<p>A projekt (1) tudom\u00e1nyos kutat\u00e1st folytat, melynek legfontosabb eredm\u00e9nye k\u00e9t k\u00e9zik\u00f6nyv (egy magyar \u00e9s egy angol nyelv\u0171) az 1956 ut\u00e1ni magyar menek\u00fcltek glob\u00e1lis letelep\u00edt\u00e9s\u00e9r\u0151l; (2) online jegyz\u00e9ket tesz k\u00f6zz\u00e9 az 1956 ut\u00e1ni menek\u00fcltv\u00e1ls\u00e1g folyamat\u00e1val, tapasztalataival \u00e9s befogad\u00e1s\u00e1val kapcsolatos els\u0151dleges \u00e9s m\u00e1sodlagos forr\u00e1sokr\u00f3l, melynek r\u00e9sz\u00e9t k\u00e9pezi egy \u00e1tfog\u00f3 tematikusan struktur\u00e1lt bibliogr\u00e1fia \u00e9s lev\u00e9lt\u00e1ri anyagok mutat\u00f3ja; (3) kereshet\u0151 adatb\u00e1zisban, anonimiz\u00e1lt form\u00e1ban regisztr\u00e1lja a menek\u00fcltek hozz\u00e1f\u00e9rhet\u0151 adatait; valamint (4) az adatb\u00e1zis inform\u00e1ci\u00f3it grafikus form\u00e1ban megjelen\u00edti (t\u00e1bl\u00e1zatok, infografik\u00e1k, interakt\u00edv t\u00e9rk\u00e9pek).<\/p>\n<\/div>\n<\/li><\/ul>\n\n<\/div>\n\n\n\n<p><\/p>\n","protected":false},"excerpt":{"rendered":"","protected":false},"author":2,"featured_media":0,"parent":457,"menu_order":0,"comment_status":"closed","ping_status":"closed","template":"","meta":{"_editorskit_title_hidden":false,"_editorskit_reading_time":1,"_editorskit_is_block_options_detached":false,"_editorskit_block_options_position":"{}","_monsterinsights_skip_tracking":false,"_monsterinsights_sitenote_active":false,"_monsterinsights_sitenote_note":"","_monsterinsights_sitenote_category":0,"footnotes":""},"class_list":["post-465","page","type-page","status-publish","hentry"],"aioseo_notices":[],"_links":{"self":[{"href":"https:\/\/emigracio.abtk.hu\/hu\/wp-json\/wp\/v2\/pages\/465","targetHints":{"allow":["GET"]}}],"collection":[{"href":"https:\/\/emigracio.abtk.hu\/hu\/wp-json\/wp\/v2\/pages"}],"about":[{"href":"https:\/\/emigracio.abtk.hu\/hu\/wp-json\/wp\/v2\/types\/page"}],"author":[{"embeddable":true,"href":"https:\/\/emigracio.abtk.hu\/hu\/wp-json\/wp\/v2\/users\/2"}],"replies":[{"embeddable":true,"href":"https:\/\/emigracio.abtk.hu\/hu\/wp-json\/wp\/v2\/comments?post=465"}],"version-history":[{"count":2,"href":"https:\/\/emigracio.abtk.hu\/hu\/wp-json\/wp\/v2\/pages\/465\/revisions"}],"predecessor-version":[{"id":620,"href":"https:\/\/emigracio.abtk.hu\/hu\/wp-json\/wp\/v2\/pages\/465\/revisions\/620"}],"up":[{"embeddable":true,"href":"https:\/\/emigracio.abtk.hu\/hu\/wp-json\/wp\/v2\/pages\/457"}],"wp:attachment":[{"href":"https:\/\/emigracio.abtk.hu\/hu\/wp-json\/wp\/v2\/media?parent=465"}],"curies":[{"name":"wp","href":"https:\/\/api.w.org\/{rel}","templated":true}]}}