{"id":478,"date":"2022-10-29T20:00:03","date_gmt":"2022-10-29T18:00:03","guid":{"rendered":"https:\/\/emigracio.abtk.hu\/?page_id=478"},"modified":"2022-10-29T20:57:46","modified_gmt":"2022-10-29T18:57:46","slug":"bibliografia","status":"publish","type":"page","link":"https:\/\/emigracio.abtk.hu\/hu\/kezdolap\/kutatas\/bibliografia\/","title":{"rendered":"Bibliogr\u00e1fia"},"content":{"rendered":"\n<div class=\"wp-block-cover alignfull is-light art-gallery-museum-banner-section\"><span aria-hidden=\"true\" class=\"wp-block-cover__background has-background-dim-30 has-background-dim\"><\/span><img loading=\"lazy\" decoding=\"async\" width=\"2560\" height=\"1448\" class=\"wp-block-cover__image-background wp-image-44\" alt=\"\" src=\"https:\/\/emigracio.abtk.hu\/wp-content\/uploads\/2022\/10\/fortepan_128571-edited-scaled.jpg\" data-object-fit=\"cover\" srcset=\"https:\/\/emigracio.abtk.hu\/wp-content\/uploads\/2022\/10\/fortepan_128571-edited-scaled.jpg 2560w, https:\/\/emigracio.abtk.hu\/wp-content\/uploads\/2022\/10\/fortepan_128571-edited-300x170.jpg 300w, https:\/\/emigracio.abtk.hu\/wp-content\/uploads\/2022\/10\/fortepan_128571-edited-1024x579.jpg 1024w, https:\/\/emigracio.abtk.hu\/wp-content\/uploads\/2022\/10\/fortepan_128571-edited-768x435.jpg 768w, https:\/\/emigracio.abtk.hu\/wp-content\/uploads\/2022\/10\/fortepan_128571-edited-1536x869.jpg 1536w, https:\/\/emigracio.abtk.hu\/wp-content\/uploads\/2022\/10\/fortepan_128571-edited-2048x1159.jpg 2048w\" sizes=\"auto, (max-width: 2560px) 100vw, 2560px\" \/><div class=\"wp-block-cover__inner-container is-layout-flow wp-block-cover-is-layout-flow\">\n<div class=\"wp-block-columns is-layout-flex wp-container-core-columns-is-layout-9d6595d7 wp-block-columns-is-layout-flex\">\n<div class=\"wp-block-column is-layout-flow wp-block-column-is-layout-flow\">\n<h1 class=\"has-text-align-left has-white-color has-text-color wp-block-heading\" style=\"font-size:96px\">Bibliogr\u00e1fia<\/h1>\n\n\n\n<p class=\"has-text-align-center\"><\/p>\n<\/div>\n<\/div>\n<\/div><\/div>\n\n\n\n<hr class=\"wp-block-separator alignwide has-alpha-channel-opacity is-style-dots\"\/>\n\n\n<a name=\"zotpress-lib-d8c58469d24891139d12b4b6daf939dc\"><\/a>\n<div id=\"zotpress-lib-d8c58469d24891139d12b4b6daf939dc\" class=\"zp-Library zp-Browse\">\n<span class=\"ZP_API_USER_ID ZP_ATTR\">2491061<\/span>\n\n<span class=\"ZP_MAXTAGS ZP_ATTR\">100<\/span>\n<span class=\"ZP_STYLE ZP_ATTR\">chicago-fullnote-bibliography<\/span>\n<span class=\"ZP_SORTBY ZP_ATTR\">creator<\/span>\n<span class=\"ZP_ORDER ZP_ATTR\">asc<\/span>\n<span class=\"ZP_CITEABLE ZP_ATTR\">1<\/span>\n<span class=\"ZP_DOWNLOADABLE ZP_ATTR\">1<\/span>\n<span class=\"ZP_SHOWTAGS ZP_ATTR\"><\/span>\n<span class=\"ZP_SHOWIMAGE ZP_ATTR\"><\/span>\n<span class=\"ZP_TOPLEVEL ZP_ATTR\">toplevel<\/span><span class=\"ZP_TARGET ZP_ATTR\"><\/span>\n<span class=\"ZP_URLWRAP ZP_ATTR\"><\/span><span class=\"ZP_BROWSEBAR ZP_ATTR\">1<\/span>\n<input type=\"hidden\" class=\"ZOTPRESS_AC_MAXPERPAGE\" name=\"ZOTPRESS_AC_MAXPERPAGE\" value=\"10\">\n<div class=\"zp-Browse-Bar\"><div class=\"zp-Zotpress-SearchBox\"><input class=\"zp-Zotpress-SearchBox-Input\" class=\"help\" type=\"text\" placeholder=\"Type to search\" \/><div class='zp-SearchBy-Container'><span class=\"zp-SearchBy\">Search by:<\/span><div class=\"zpSearchFilterContainer\"><input type=\"radio\" name=\"zpSearchFilters\" class=\"item\" value=\"item\" checked=\"checked\"><label for=\"item\">item<\/label><\/div>\n<div class=\"zpSearchFilterContainer\"><input type=\"radio\" name=\"zpSearchFilters\" class=\"tag\" value=\"tag\"><label for=\"tag\">tag<\/label><\/div>\n<\/div>\n\n<input type=\"hidden\" class=\"ZOTPRESS_AC_MINLENGTH\" name=\"ZOTPRESS_AC_MINLENGTH\" value=\"3\" \/><input type=\"hidden\" class=\"ZOTPRESS_AC_MAXRESULTS\" name=\"ZOTPRESS_AC_MAXRESULTS\" value=\"50\" \/><input type=\"hidden\" class=\"ZOTPRESS_AC_MAXPAGES\" name=\"ZOTPRESS_AC_MAXPAGES\" value=\"10\" \/><input type=\"hidden\" class=\"ZOTPRESS_AC_DOWNLOAD\" name=\"ZOTPRESS_AC_DOWNLOAD\" value=\"1\" \/><input type=\"hidden\" class=\"ZOTPRESS_AC_CITE\" name=\"ZOTPRESS_AC_CITE\" value=\"1\" \/><input type=\"hidden\" class=\"ZOTPRESS_PLUGIN_URL\" name=\"ZOTPRESS_PLUGIN_URL\" value=\"https:\/\/emigracio.abtk.hu\/wp-content\/plugins\/zotpress\/\" \/><input type=\"hidden\" class=\"ZOTPRESS_USER\" name=\"ZOTPRESS_USER\" value=\"2491061\" \/><\/div>\n<\/div><!-- .zp-Browse-Bar -->\n\n<div class=\"zp-List\"><img decoding=\"async\" class=\"zpSearchLoading\" src=\"https:\/\/emigracio.abtk.hu\/wp-content\/plugins\/zotpress\/\/images\/loading_default.gif\" alt=\"thinking\"><div class=\"zpSearchResultsContainer\"><\/div><div class=\"zpSearchResultsPagingContainer\"><div class=\"zpSearchResultsPagingContainerInner\"><div class=\"zpSearchResultsPagingCrop\"><div class=\"zpSearchResultsPaging\"><\/div><\/div><\/div><\/div><\/div><!-- .zp-List -->\n<\/div><!-- .zp-Browse -->\n\n\n\n\n\n<hr class=\"wp-block-separator has-alpha-channel-opacity is-style-wide\"\/>\n\n\n\n<h1 class=\"wp-block-heading\" style=\"font-size:28px\">Egyedi Bibliogr\u00e1fi\u00e1k<\/h1>\n\n\n\n<div class=\"wp-block-query is-layout-flow wp-block-query-is-layout-flow\"><ul class=\"is-flex-container columns-4 wp-block-post-template is-layout-flow wp-block-post-template-is-layout-flow\"><li class=\"wp-block-post post-132 post type-post status-publish format-standard hentry category-state category-zot tag-argentina tag-bibliography tag-s-america tag-zotero\">\n<h3 class=\"wp-block-post-title has-text-color has-black-color\"><a href=\"https:\/\/emigracio.abtk.hu\/hu\/argentina\/\" target=\"_self\" >Argentina<\/a><\/h3>\n<\/li><li class=\"wp-block-post post-142 post type-post status-publish format-standard hentry category-state category-zot tag-belgium tag-bibliography tag-europe tag-zotero\">\n<h3 class=\"wp-block-post-title has-text-color has-black-color\"><a href=\"https:\/\/emigracio.abtk.hu\/hu\/belgium\/\" target=\"_self\" >Belgium<\/a><\/h3>\n<\/li><li class=\"wp-block-post post-150 post type-post status-publish format-standard hentry category-state category-zot tag-bibliography tag-brazil tag-s-america tag-zotero\">\n<h3 class=\"wp-block-post-title has-text-color has-black-color\"><a href=\"https:\/\/emigracio.abtk.hu\/hu\/brazil\/\" target=\"_self\" >Brazil<\/a><\/h3>\n<\/li><li class=\"wp-block-post post-159 post type-post status-publish format-standard hentry category-state category-zot tag-bibliography tag-denmark tag-europe tag-zotero\">\n<h3 class=\"wp-block-post-title has-text-color has-black-color\"><a href=\"https:\/\/emigracio.abtk.hu\/hu\/denmark\/\" target=\"_self\" >Denmark<\/a><\/h3>\n<\/li><li class=\"wp-block-post post-165 post type-post status-publish format-standard hentry category-state category-zot tag-bibliography tag-dominica tag-n-america tag-zotero\">\n<h3 class=\"wp-block-post-title has-text-color has-black-color\"><a href=\"https:\/\/emigracio.abtk.hu\/hu\/dominica\/\" target=\"_self\" >Dominica<\/a><\/h3>\n<\/li><li class=\"wp-block-post post-185 post type-post status-publish format-standard hentry category-state category-zot tag-bibliography tag-united-nations tag-zotero\">\n<h3 class=\"wp-block-post-title has-text-color has-black-color\"><a href=\"https:\/\/emigracio.abtk.hu\/hu\/ensz-otos-biz\/\" target=\"_self\" >ENSZ \u00f6t\u00f6s biz<\/a><\/h3>\n<\/li><li class=\"wp-block-post post-180 post type-post status-publish format-standard hentry category-state category-zot tag-bibliography tag-europe tag-frg tag-germany tag-zotero\">\n<h3 class=\"wp-block-post-title has-text-color has-black-color\"><a href=\"https:\/\/emigracio.abtk.hu\/hu\/federal-republic-of-germany\/\" target=\"_self\" >Federal Republic of Germany<\/a><\/h3>\n<\/li><li class=\"wp-block-post post-182 post type-post status-publish format-standard hentry category-state category-zot tag-bibliography tag-europe tag-finland tag-zotero\">\n<h3 class=\"wp-block-post-title has-text-color has-black-color\"><a href=\"https:\/\/emigracio.abtk.hu\/hu\/finland\/\" target=\"_self\" >Finland<\/a><\/h3>\n<\/li><li class=\"wp-block-post post-188 post type-post status-publish format-standard hentry category-state category-zot tag-bibliography tag-europe tag-france tag-zotero\">\n<h3 class=\"wp-block-post-title has-text-color has-black-color\"><a href=\"https:\/\/emigracio.abtk.hu\/hu\/france\/\" target=\"_self\" >France<\/a><\/h3>\n<\/li><li class=\"wp-block-post post-190 post type-post status-publish format-standard hentry category-zot tag-bibliography tag-zotero\">\n<h3 class=\"wp-block-post-title has-text-color has-black-color\"><a href=\"https:\/\/emigracio.abtk.hu\/hu\/hazatelepulok\/\" target=\"_self\" >Hazatelep\u00fcl\u0151k<\/a><\/h3>\n<\/li><li class=\"wp-block-post post-193 post type-post status-publish format-standard hentry category-state category-zot tag-bibliography tag-europe tag-ireland tag-zotero\">\n<h3 class=\"wp-block-post-title has-text-color has-black-color\"><a href=\"https:\/\/emigracio.abtk.hu\/hu\/ireland\/\" target=\"_self\" >Ireland<\/a><\/h3>\n<\/li><li class=\"wp-block-post post-195 post type-post status-publish format-standard hentry category-state category-zot tag-asia tag-bibliography tag-israel tag-zotero\">\n<h3 class=\"wp-block-post-title has-text-color has-black-color\"><a href=\"https:\/\/emigracio.abtk.hu\/hu\/israel\/\" target=\"_self\" >Israel<\/a><\/h3>\n<\/li><li class=\"wp-block-post post-197 post type-post status-publish format-standard hentry category-state category-zot tag-bibliography tag-europe tag-italy tag-zotero\">\n<h3 class=\"wp-block-post-title has-text-color has-black-color\"><a href=\"https:\/\/emigracio.abtk.hu\/hu\/italy\/\" target=\"_self\" >Italy<\/a><\/h3>\n<\/li><li class=\"wp-block-post post-199 post type-post status-publish format-standard hentry category-state category-zot tag-bibliography tag-europe tag-hungary tag-zotero\">\n<h3 class=\"wp-block-post-title has-text-color has-black-color\"><a href=\"https:\/\/emigracio.abtk.hu\/hu\/kadar-korm-es-menekultek\/\" target=\"_self\" >K\u00e1d\u00e1r korm. \u00e9s menek\u00fcltek<\/a><\/h3>\n<\/li><li class=\"wp-block-post post-201 post type-post status-publish format-standard hentry category-state category-zot tag-bibliography tag-zotero\">\n<h3 class=\"wp-block-post-title has-text-color has-black-color\"><a href=\"https:\/\/emigracio.abtk.hu\/hu\/konkluzio\/\" target=\"_self\" >Konkl\u00fazi\u00f3<\/a><\/h3>\n<\/li><li class=\"wp-block-post post-203 post type-post status-publish format-standard hentry category-state category-zot tag-bibliography tag-s-america tag-zotero\">\n<h3 class=\"wp-block-post-title has-text-color has-black-color\"><a href=\"https:\/\/emigracio.abtk.hu\/hu\/latin-amerika\/\" target=\"_self\" >Latin Amerika<\/a><\/h3>\n<\/li><li class=\"wp-block-post post-205 post type-post status-publish format-standard hentry category-state category-zot tag-bibliography tag-europe tag-liechtenstein tag-zotero\">\n<h3 class=\"wp-block-post-title has-text-color has-black-color\"><a href=\"https:\/\/emigracio.abtk.hu\/hu\/liechtenstein\/\" target=\"_self\" >Liechtenstein<\/a><\/h3>\n<\/li><li class=\"wp-block-post post-207 post type-post status-publish format-standard hentry category-state category-zot tag-bibliography tag-europe tag-hungary tag-zotero\">\n<h3 class=\"wp-block-post-title has-text-color has-black-color\"><a href=\"https:\/\/emigracio.abtk.hu\/hu\/magyar-allambiztonsag\/\" target=\"_self\" >Magyar \u00c1llambiztons\u00e1g<\/a><\/h3>\n<\/li><li class=\"wp-block-post post-209 post type-post status-publish format-standard hentry category-zot tag-bibliography tag-zotero\">\n<h3 class=\"wp-block-post-title has-text-color has-black-color\"><a href=\"https:\/\/emigracio.abtk.hu\/hu\/men-tud-vilagban-menekulo-egyetemistakbol\/\" target=\"_self\" >Men tud vil\u00e1gban &#8211; Menek\u00fcl\u0151 egyetemist\u00e1kb\u00f3l<\/a><\/h3>\n<\/li><li class=\"wp-block-post post-212 post type-post status-publish format-standard hentry category-state category-zot tag-bibliography tag-mexico tag-n-america tag-zotero\">\n<h3 class=\"wp-block-post-title has-text-color has-black-color\"><a href=\"https:\/\/emigracio.abtk.hu\/hu\/mexico\/\" target=\"_self\" >Mexico<\/a><\/h3>\n<\/li><li class=\"wp-block-post post-214 post type-post status-publish format-standard hentry category-state category-zot tag-bibliography tag-europe tag-netherlands tag-zotero\">\n<h3 class=\"wp-block-post-title has-text-color has-black-color\"><a href=\"https:\/\/emigracio.abtk.hu\/hu\/netherlands\/\" target=\"_self\" >Netherlands<\/a><\/h3>\n<\/li><li class=\"wp-block-post post-216 post type-post status-publish format-standard hentry category-state category-zot tag-bibliography tag-europe tag-norway tag-zotero\">\n<h3 class=\"wp-block-post-title has-text-color has-black-color\"><a href=\"https:\/\/emigracio.abtk.hu\/hu\/norway\/\" target=\"_self\" >Norway<\/a><\/h3>\n<\/li><li class=\"wp-block-post post-218 post type-post status-publish format-standard hentry category-state category-zot tag-bibliography tag-europe tag-hungary tag-zotero\">\n<h3 class=\"wp-block-post-title has-text-color has-black-color\"><a href=\"https:\/\/emigracio.abtk.hu\/hu\/oha-doha\/\" target=\"_self\" >OHA-DOHA<\/a><\/h3>\n<\/li><li class=\"wp-block-post post-220 post type-post status-publish format-standard hentry category-state category-zot tag-bibliography tag-peru tag-s-america tag-zotero\">\n<h3 class=\"wp-block-post-title has-text-color has-black-color\"><a href=\"https:\/\/emigracio.abtk.hu\/hu\/peru\/\" target=\"_self\" >Peru<\/a><\/h3>\n<\/li><li class=\"wp-block-post post-222 post type-post status-publish format-standard hentry category-state category-zot tag-bibliography tag-europe tag-portugal tag-zotero\">\n<h3 class=\"wp-block-post-title has-text-color has-black-color\"><a href=\"https:\/\/emigracio.abtk.hu\/hu\/portugal\/\" target=\"_self\" >Portugal<\/a><\/h3>\n<\/li><li class=\"wp-block-post post-224 post type-post status-publish format-standard hentry category-state category-zot tag-bibliography tag-europe tag-hungary tag-zotero\">\n<h3 class=\"wp-block-post-title has-text-color has-black-color\"><a href=\"https:\/\/emigracio.abtk.hu\/hu\/repatrialas\/\" target=\"_self\" >Repatri\u00e1l\u00e1s<\/a><\/h3>\n<\/li><li class=\"wp-block-post post-226 post type-post status-publish format-standard hentry category-state category-zot tag-africa tag-bibliography tag-south-africa tag-zotero\">\n<h3 class=\"wp-block-post-title has-text-color has-black-color\"><a href=\"https:\/\/emigracio.abtk.hu\/hu\/south-africa\/\" target=\"_self\" >South Africa<\/a><\/h3>\n<\/li><li class=\"wp-block-post post-228 post type-post status-publish format-standard hentry category-state category-zot tag-bibliography tag-europe tag-spain tag-zotero\">\n<h3 class=\"wp-block-post-title has-text-color has-black-color\"><a href=\"https:\/\/emigracio.abtk.hu\/hu\/spain\/\" target=\"_self\" >Spain<\/a><\/h3>\n<\/li><li class=\"wp-block-post post-230 post type-post status-publish format-standard hentry category-state category-zot tag-bibliography tag-europe tag-sweden tag-zotero\">\n<h3 class=\"wp-block-post-title has-text-color has-black-color\"><a href=\"https:\/\/emigracio.abtk.hu\/hu\/sweden\/\" target=\"_self\" >Sweden<\/a><\/h3>\n<\/li><li class=\"wp-block-post post-232 post type-post status-publish format-standard hentry category-state category-zot tag-bibliography tag-europe tag-switzerland tag-zotero\">\n<h3 class=\"wp-block-post-title has-text-color has-black-color\"><a href=\"https:\/\/emigracio.abtk.hu\/hu\/switzerland\/\" target=\"_self\" >Switzerland<\/a><\/h3>\n<\/li><li class=\"wp-block-post post-234 post type-post status-publish format-standard hentry category-state category-zot tag-asia tag-bibliography tag-turkey tag-zotero\">\n<h3 class=\"wp-block-post-title has-text-color has-black-color\"><a href=\"https:\/\/emigracio.abtk.hu\/hu\/turkey\/\" target=\"_self\" >Turkey<\/a><\/h3>\n<\/li><li class=\"wp-block-post post-236 post type-post status-publish format-standard hentry category-state category-zot tag-bibliography tag-united-nations tag-zotero\">\n<h3 class=\"wp-block-post-title has-text-color has-black-color\"><a href=\"https:\/\/emigracio.abtk.hu\/hu\/un-general-assembly\/\" target=\"_self\" >UN General Assembly<\/a><\/h3>\n<\/li><li class=\"wp-block-post post-238 post type-post status-publish format-standard hentry category-state category-zot tag-bibliography tag-united-nations tag-zotero\">\n<h3 class=\"wp-block-post-title has-text-color has-black-color\"><a href=\"https:\/\/emigracio.abtk.hu\/hu\/un-high-commissioner-for-refugees\/\" target=\"_self\" >UN High Commissioner for Refugees<\/a><\/h3>\n<\/li><li class=\"wp-block-post post-240 post type-post status-publish format-standard hentry category-zot tag-bibliography tag-zotero\">\n<h3 class=\"wp-block-post-title has-text-color has-black-color\"><a href=\"https:\/\/emigracio.abtk.hu\/hu\/vallasi-egyhazak-es-segelyszervezeteik\/\" target=\"_self\" >Vallasi &#8211; Egyh\u00e1zak \u00e9s seg\u00e9lyszervezeteik<\/a><\/h3>\n<\/li><\/ul><\/div>\n","protected":false},"excerpt":{"rendered":"<p>Egyedi Bibliogr\u00e1fi\u00e1k<\/p>\n","protected":false},"author":2,"featured_media":0,"parent":467,"menu_order":0,"comment_status":"closed","ping_status":"closed","template":"","meta":{"_editorskit_title_hidden":true,"_editorskit_reading_time":1,"_editorskit_is_block_options_detached":false,"_editorskit_block_options_position":"{}","_monsterinsights_skip_tracking":false,"_monsterinsights_sitenote_active":false,"_monsterinsights_sitenote_note":"","_monsterinsights_sitenote_category":0,"footnotes":""},"class_list":["post-478","page","type-page","status-publish","hentry"],"aioseo_notices":[],"_links":{"self":[{"href":"https:\/\/emigracio.abtk.hu\/hu\/wp-json\/wp\/v2\/pages\/478","targetHints":{"allow":["GET"]}}],"collection":[{"href":"https:\/\/emigracio.abtk.hu\/hu\/wp-json\/wp\/v2\/pages"}],"about":[{"href":"https:\/\/emigracio.abtk.hu\/hu\/wp-json\/wp\/v2\/types\/page"}],"author":[{"embeddable":true,"href":"https:\/\/emigracio.abtk.hu\/hu\/wp-json\/wp\/v2\/users\/2"}],"replies":[{"embeddable":true,"href":"https:\/\/emigracio.abtk.hu\/hu\/wp-json\/wp\/v2\/comments?post=478"}],"version-history":[{"count":3,"href":"https:\/\/emigracio.abtk.hu\/hu\/wp-json\/wp\/v2\/pages\/478\/revisions"}],"predecessor-version":[{"id":499,"href":"https:\/\/emigracio.abtk.hu\/hu\/wp-json\/wp\/v2\/pages\/478\/revisions\/499"}],"up":[{"embeddable":true,"href":"https:\/\/emigracio.abtk.hu\/hu\/wp-json\/wp\/v2\/pages\/467"}],"wp:attachment":[{"href":"https:\/\/emigracio.abtk.hu\/hu\/wp-json\/wp\/v2\/media?parent=478"}],"curies":[{"name":"wp","href":"https:\/\/api.w.org\/{rel}","templated":true}]}}