{"id":563,"date":"2022-11-28T10:06:56","date_gmt":"2022-11-28T09:06:56","guid":{"rendered":"https:\/\/emigracio.abtk.hu\/?page_id=563"},"modified":"2022-11-28T10:31:13","modified_gmt":"2022-11-28T09:31:13","slug":"kiadvanyok","status":"publish","type":"page","link":"https:\/\/emigracio.abtk.hu\/hu\/kezdolap\/kutatas\/kiadvanyok\/","title":{"rendered":"Kiadv\u00e1nyok"},"content":{"rendered":"\n<h2 class=\"wp-block-heading\">Egy vil\u00e1grasz\u00f3l\u00f3 t\u00f6rt\u00e9net. Az 1956-os magyar menek\u00fcltv\u00e1ls\u00e1g k\u00e9zik\u00f6nyve (szerk. Kecsk\u00e9s D. Guszt\u00e1v &#8211; Scheibner Tam\u00e1s), Budapest: BTK TTI, 2022. <\/h2>\n\n\n\n<div class=\"wp-block-media-text is-stacked-on-mobile is-vertically-aligned-top has-media-on-the-top\"><figure class=\"wp-block-media-text__media\"><img loading=\"lazy\" decoding=\"async\" width=\"1024\" height=\"677\" src=\"https:\/\/emigracio.abtk.hu\/wp-content\/uploads\/2022\/11\/Kecskes_Scheibner_1956_borito-1024x677.jpg\" alt=\"\" class=\"wp-image-556 size-full\" srcset=\"https:\/\/emigracio.abtk.hu\/wp-content\/uploads\/2022\/11\/Kecskes_Scheibner_1956_borito-1024x677.jpg 1024w, https:\/\/emigracio.abtk.hu\/wp-content\/uploads\/2022\/11\/Kecskes_Scheibner_1956_borito-300x198.jpg 300w, https:\/\/emigracio.abtk.hu\/wp-content\/uploads\/2022\/11\/Kecskes_Scheibner_1956_borito-768x507.jpg 768w, https:\/\/emigracio.abtk.hu\/wp-content\/uploads\/2022\/11\/Kecskes_Scheibner_1956_borito-1536x1015.jpg 1536w, https:\/\/emigracio.abtk.hu\/wp-content\/uploads\/2022\/11\/Kecskes_Scheibner_1956_borito-2048x1353.jpg 2048w\" sizes=\"auto, (max-width: 1024px) 100vw, 1024px\" \/><\/figure><div class=\"wp-block-media-text__content\">\n<p><\/p>\n\n\n\n<p class=\"has-text-align-center\">TARTALOM<\/p>\n\n\n\n<p>Az 1956-os menek\u00fcltek kutat\u00e1sa. El\u0151sz\u00f3 <em>\/ Kecsk\u00e9s D. Guszt\u00e1v \u2013 Scheibner Tam\u00e1s<\/em><\/p>\n\n\n\n<p>I. KONTEXTUS<\/p>\n\n\n\n<p class=\"has-ek-indent\" style=\"--ek-indent:20px\">Egyetlen fa a rengetegben? A magyar menek\u00fcltv\u00e1ls\u00e1g glob\u00e1lis kontextusban <em>\/ <\/em><em>Jussi M. Hanhim\u00e4ki<\/em><\/p>\n\n\n\n<p class=\"has-ek-indent\" style=\"--ek-indent:20px\">Migr\u00e1ci\u00f3 Kelet- \u00e9s K\u00f6z\u00e9p-Eur\u00f3p\u00e1b\u00f3l a hidegh\u00e1bor\u00fa idej\u00e9n <em>\/ S\u0142awomir \u0141ukasiewicz<\/em><\/p>\n\n\n\n<p>II. NEMZETK\u00d6ZI SZERVEZETEK<\/p>\n\n\n\n<div class=\"wp-block-group\"><div class=\"wp-block-group__inner-container is-layout-constrained wp-block-group-is-layout-constrained\">\n<p class=\"has-ek-indent\" style=\"--ek-indent:20px\">Az ENSZ K\u00f6zgy\u0171l\u00e9se \/ <em>Georg Kastner<\/em><\/p>\n\n\n\n<p class=\"has-ek-indent\" style=\"--ek-indent:20px\">Az ENSZ Menek\u00fclt\u00fcgyi F\u0151biztoss\u00e1ga \/ <em>Marjoleine Zieck<\/em><\/p>\n\n\n\n<p class=\"has-ek-indent\" style=\"--ek-indent:20px\">Az ENSZ Magyarorsz\u00e1g probl\u00e9m\u00e1j\u00e1val foglalkoz\u00f3 k\u00fcl\u00f6nbizotts\u00e1ga \/ <em>Nagy Andr\u00e1s<\/em><\/p>\n\n\n\n<p class=\"has-ek-indent\" style=\"--ek-indent:20px\">A V\u00f6r\u00f6skereszt T\u00e1rsas\u00e1gok Lig\u00e1ja \/ <em>Kecsk\u00e9s D. Guszt\u00e1v<\/em><\/p>\n\n\n\n<p class=\"has-ek-indent\" style=\"--ek-indent:20px\">Amerikai filantr\u00f3p szervezetek \/ <em>Scheibner Tam\u00e1s<\/em><\/p>\n\n\n\n<p class=\"has-ek-indent\" style=\"--ek-indent:20px\">Egyh\u00e1zak \u00e9s vall\u00e1si k\u00f6z\u00f6ss\u00e9gek \/ <em>James P. Niessen<\/em><\/p>\n\n\n\n<p class=\"has-ek-indent\" style=\"--ek-indent:20px\">Az Eur\u00f3pai Rab Nemzetek Gy\u0171l\u00e9se (ACEN) \/ <em>Anna Mazurkiewicz<\/em><\/p>\n\n\n\n<p><\/p>\n<\/div><\/div>\n\n\n\n<p>III. A MENEK\u00dcLTEK<\/p>\n\n\n\n<p class=\"has-ek-indent\" style=\"--ek-indent:20px\">A menek\u00fcltek statisztikai jellemz\u0151i \/ <em>Murber Ibolya<\/em><\/p>\n\n\n\n<p class=\"has-ek-indent\" style=\"--ek-indent:20px\">A K\u00e1d\u00e1r-korm\u00e1ny menek\u00fcltpolitik\u00e1ja \/ <em>Bar\u00e1th Magdolna<\/em><\/p>\n\n\n\n<p class=\"has-ek-indent\" style=\"--ek-indent:20px\">A repatri\u00e1l\u00e1s \/ <em>L\u00e9n\u00e1rt Andr\u00e1s<\/em><\/p>\n\n\n\n<p class=\"has-ek-indent\" style=\"--ek-indent:20px\">Hazatelep\u00fcl\u0151 menek\u00fcltek: Sv\u00e1jc p\u00e9ld\u00e1ja (1956\u20121963) \/ <em>Robert Tiphaine<\/em><\/p>\n\n\n\n<p class=\"has-ek-indent\" style=\"--ek-indent:20px\">A magyar titkosszolg\u00e1latok \u00e9s az 1956-os kiv\u00e1ndorl\u00f3k \/ <em>Palasik M\u00e1ria<\/em><\/p>\n\n\n\n<p class=\"has-ek-indent\" style=\"--ek-indent:20px\">A Szovjetuni\u00f3 \u00e9s a magyar menek\u00fcltek Ausztri\u00e1ban \/ <em>Peter Ruggenthaler \u2013 Maximilian Graf<\/em><\/p>\n\n\n\n<p class=\"has-ek-indent\" style=\"--ek-indent:20px\">Nemzetk\u00f6zi seg\u00e9lyny\u00fajt\u00e1s az \u00f6tvenhatos \u00e9lett\u00f6rt\u00e9netekben \/ <em>Somlai Katalin<\/em><\/p>\n\n\n\n<p class=\"has-ek-indent\" style=\"--ek-indent:20px\">Menek\u00fcl\u0151 egyetemist\u00e1kb\u00f3l sikeres \u00e9rtelmis\u00e9giek. Sorsok \/ <em>Kubassek J\u00e1nos<\/em><\/p>\n\n\n\n<p class=\"has-ek-indent\" style=\"--ek-indent:20px\">Az 1956-os elv\u00e1ndorl\u00e1s demogr\u00e1fiai hat\u00e1sai Magyarorsz\u00e1gon \/ <em>Ill\u00e9s S\u00e1ndor<\/em><\/p>\n\n\n\n<p>IV. ORSZ\u00c1GTANULM\u00c1NYOK: EUR\u00d3PA<\/p>\n\n\n\n<p class=\"has-ek-indent\" style=\"--ek-indent:20px\">Ausztria \/ <em>Murber Ibolya<\/em><\/p>\n\n\n\n<p class=\"has-ek-indent\" style=\"--ek-indent:20px\">Jugoszl\u00e1via \/ <em>Murber Ibolya \u2013 Katarina Kova\u010devi\u0107<\/em><\/p>\n\n\n\n<p class=\"has-ek-indent\" style=\"--ek-indent:20px\">N\u00e9metorsz\u00e1gi Sz\u00f6vets\u00e9gi K\u00f6zt\u00e1rsas\u00e1g \/ <em>Cseresny\u00e9s Ferenc \u2013 Andreas Schmidt-Schweizer<\/em><\/p>\n\n\n\n<p class=\"has-ek-indent\" style=\"--ek-indent:20px\">Sv\u00e1jc \/ <em>Kecsk\u00e9s D. Guszt\u00e1v<\/em><\/p>\n\n\n\n<p class=\"has-ek-indent\" style=\"--ek-indent:20px\">Liechtenstein \/ <em>Murber Ibolya<\/em><\/p>\n\n\n\n<p class=\"has-ek-indent\" style=\"--ek-indent:20px\">Egyes\u00fclt Kir\u00e1lys\u00e1g \/ <em>Heged\u0171s Gyula<\/em><\/p>\n\n\n\n<p class=\"has-ek-indent\" style=\"--ek-indent:20px\">\u00cdrorsz\u00e1g \/ <em>Apor Bal\u00e1zs<\/em><\/p>\n\n\n\n<p class=\"has-ek-indent\" style=\"--ek-indent:20px\">Franciaorsz\u00e1g \/ <em>Kecsk\u00e9s D. Guszt\u00e1v<\/em><\/p>\n\n\n\n<p class=\"has-ek-indent\" style=\"--ek-indent:20px\">Belgium \/ <em>Frank Caestecker \u2013 Hajt\u00f3 Vera<\/em><\/p>\n\n\n\n<p class=\"has-ek-indent\" style=\"--ek-indent:20px\">Hollandia \/ <em>Marjoleine Zieck<\/em><\/p>\n\n\n\n<p class=\"has-ek-indent\" style=\"--ek-indent:20px\">Norv\u00e9gia \/ <em>Hallvard Tjelmeland<\/em><\/p>\n\n\n\n<p class=\"has-ek-indent\" style=\"--ek-indent:20px\">Sv\u00e9dorsz\u00e1g \/ <em>Anders Wigerfelt-Svensson<\/em><\/p>\n\n\n\n<p class=\"has-ek-indent\" style=\"--ek-indent:20px\">D\u00e1nia \/ <em>Anders Wigerfelt-Svensson<\/em><\/p>\n\n\n\n<p class=\"has-ek-indent\" style=\"--ek-indent:20px\">Finnorsz\u00e1g \/ <em>Szeg\u0151 Iv\u00e1n<\/em><\/p>\n\n\n\n<p class=\"has-ek-indent\" style=\"--ek-indent:20px\">Izland \/ <em>Gy\u00f6nki Vikt\u00f3ria<\/em><\/p>\n\n\n\n<p class=\"has-ek-indent\" style=\"--ek-indent:20px\">Olaszorsz\u00e1g \/ <em>Andrea Carteny \u2013 Elena Tosti Di Stefano<\/em><\/p>\n\n\n\n<p class=\"has-ek-indent\" style=\"--ek-indent:20px\">Spanyolorsz\u00e1g \/ <em>L\u00e9n\u00e1rt T. Andr\u00e1s<\/em><\/p>\n\n\n\n<p class=\"has-ek-indent\" style=\"--ek-indent:20px\">Portug\u00e1lia \/ <em>Szil\u00e1gyi Istv\u00e1n<\/em><\/p>\n\n\n\n<p>V. ORSZ\u00c1G- \u00c9S R\u00c9GI\u00d3TANULM\u00c1NYOK: EUR\u00d3P\u00c1N K\u00cdV\u00dcL<\/p>\n\n\n\n<p class=\"has-ek-indent\" style=\"--ek-indent:20px\">Egyes\u00fclt \u00c1llamok \/ <em>De\u00e1k N\u00f3ra<\/em><\/p>\n\n\n\n<p class=\"has-ek-indent\" style=\"--ek-indent:20px\">Kanada \/ <em>Christopher Adam<\/em><\/p>\n\n\n\n<p class=\"has-ek-indent\" style=\"--ek-indent:20px\">Latin-Amerika \/ <em>Csik\u00f3s Zsuzsanna<\/em><\/p>\n\n\n\n<p class=\"has-ek-indent\" style=\"--ek-indent:20px\">Braz\u00edlia \/ <em>Szil\u00e1gyi \u00c1gnes Judit<\/em><\/p>\n\n\n\n<p class=\"has-ek-indent\" style=\"--ek-indent:20px\">Argent\u00edna \/ <em>Zsonda M\u00e1rk<\/em><\/p>\n\n\n\n<p class=\"has-ek-indent\" style=\"--ek-indent:20px\">Dominikai K\u00f6zt\u00e1rsas\u00e1g \/ <em>Domingo Lil\u00f3n<\/em><\/p>\n\n\n\n<p class=\"has-ek-indent\" style=\"--ek-indent:20px\">Peru \/ <em>Jancs\u00f3 Katalin<\/em><\/p>\n\n\n\n<p class=\"has-ek-indent\" style=\"--ek-indent:20px\">Mexik\u00f3 \/ <em>Szente-Varga M\u00f3nika \u2013 Agust\u00edn S\u00e1nchez Andr\u00e9s<\/em><\/p>\n\n\n\n<p class=\"has-ek-indent\" style=\"--ek-indent:20px\">T\u00f6r\u00f6korsz\u00e1g \/ <em>Emre Saral<\/em><\/p>\n\n\n\n<p class=\"has-ek-indent\" style=\"--ek-indent:20px\">Izrael \/ <em>L\u00e9n\u00e1rt Andr\u00e1s<\/em><\/p>\n\n\n\n<p class=\"has-ek-indent\" style=\"--ek-indent:20px\">Ausztr\u00e1lia \/ <em>Dawn Bolge<\/em><\/p>\n\n\n\n<p class=\"has-ek-indent\" style=\"--ek-indent:20px\">D\u00e9l-afrikai Uni\u00f3 \/ <em>B\u00far G\u00e1bor<\/em><\/p>\n\n\n\n<p>VI. \u00d6SSZEFOGLAL\u00d3<\/p>\n\n\n\n<p class=\"has-ek-indent\" style=\"--ek-indent:20px\">Lok\u00e1lis menek\u00fcltv\u00e1ls\u00e1g \u2013 glob\u00e1lis megold\u00e1sok. Az 1956-os magyar menek\u00fcltek befogad\u00e1sa \/ <em>Kecsk\u00e9s D. Guszt\u00e1v \u2013 Scheibner Tam\u00e1s<\/em><\/p>\n\n\n\n<p>VII. F\u00dcGGEL\u00c9K<\/p>\n\n\n\n<p><\/p>\n<\/div><\/div>\n","protected":false},"excerpt":{"rendered":"<p>Egy vil\u00e1grasz\u00f3l\u00f3 t\u00f6rt\u00e9net. Az 1956-os magyar menek\u00fcltv\u00e1ls\u00e1g k\u00e9zik\u00f6nyve (szerk. Kecsk\u00e9s D. Guszt\u00e1v &#8211; Scheibner Tam\u00e1s), Budapest: BTK TTI, 2022.<\/p>\n","protected":false},"author":3,"featured_media":0,"parent":467,"menu_order":0,"comment_status":"closed","ping_status":"closed","template":"","meta":{"_editorskit_title_hidden":false,"_editorskit_reading_time":1,"_editorskit_is_block_options_detached":false,"_editorskit_block_options_position":"{}","_monsterinsights_skip_tracking":false,"_monsterinsights_sitenote_active":false,"_monsterinsights_sitenote_note":"","_monsterinsights_sitenote_category":0,"footnotes":""},"class_list":["post-563","page","type-page","status-publish","hentry"],"aioseo_notices":[],"_links":{"self":[{"href":"https:\/\/emigracio.abtk.hu\/hu\/wp-json\/wp\/v2\/pages\/563","targetHints":{"allow":["GET"]}}],"collection":[{"href":"https:\/\/emigracio.abtk.hu\/hu\/wp-json\/wp\/v2\/pages"}],"about":[{"href":"https:\/\/emigracio.abtk.hu\/hu\/wp-json\/wp\/v2\/types\/page"}],"author":[{"embeddable":true,"href":"https:\/\/emigracio.abtk.hu\/hu\/wp-json\/wp\/v2\/users\/3"}],"replies":[{"embeddable":true,"href":"https:\/\/emigracio.abtk.hu\/hu\/wp-json\/wp\/v2\/comments?post=563"}],"version-history":[{"count":3,"href":"https:\/\/emigracio.abtk.hu\/hu\/wp-json\/wp\/v2\/pages\/563\/revisions"}],"predecessor-version":[{"id":571,"href":"https:\/\/emigracio.abtk.hu\/hu\/wp-json\/wp\/v2\/pages\/563\/revisions\/571"}],"up":[{"embeddable":true,"href":"https:\/\/emigracio.abtk.hu\/hu\/wp-json\/wp\/v2\/pages\/467"}],"wp:attachment":[{"href":"https:\/\/emigracio.abtk.hu\/hu\/wp-json\/wp\/v2\/media?parent=563"}],"curies":[{"name":"wp","href":"https:\/\/api.w.org\/{rel}","templated":true}]}}