{"id":574,"date":"2022-11-29T04:21:35","date_gmt":"2022-11-29T03:21:35","guid":{"rendered":"https:\/\/emigracio.abtk.hu\/?page_id=574"},"modified":"2022-11-29T04:27:25","modified_gmt":"2022-11-29T03:27:25","slug":"hirek","status":"publish","type":"page","link":"https:\/\/emigracio.abtk.hu\/hu\/kezdolap\/hirek\/","title":{"rendered":"H\u00edrek"},"content":{"rendered":"\n<div class=\"wp-block-query is-layout-flow wp-block-query-is-layout-flow\"><ul class=\"wp-block-post-template is-layout-flow wp-block-post-template-is-layout-flow\"><li class=\"wp-block-post post-578 post type-post status-publish format-standard has-post-thumbnail hentry category-hirek category-magyarul\">\n<h2 class=\"wp-block-post-title\"><a href=\"https:\/\/emigracio.abtk.hu\/hu\/egy-vilagraszolo-tortenet-az-1956-os-magyar-menekultvalsag-kezikonyve-konyvbemutato\/\" target=\"_self\" >Egy vil\u00e1grasz\u00f3l\u00f3 t\u00f6rt\u00e9net. Az 1956-os magyar menek\u00fcltv\u00e1ls\u00e1g k\u00e9zik\u00f6nyve | K\u00f6nyvbemutat\u00f3<\/a><\/h2>\n\n<figure class=\"alignwide wp-block-post-featured-image\"><a href=\"https:\/\/emigracio.abtk.hu\/hu\/egy-vilagraszolo-tortenet-az-1956-os-magyar-menekultvalsag-kezikonyve-konyvbemutato\/\" target=\"_self\"  ><img loading=\"lazy\" decoding=\"async\" width=\"1754\" height=\"1240\" src=\"https:\/\/emigracio.abtk.hu\/wp-content\/uploads\/2022\/11\/image.png\" class=\"attachment-post-thumbnail size-post-thumbnail wp-post-image\" alt=\"Egy vil\u00e1grasz\u00f3l\u00f3 t\u00f6rt\u00e9net. Az 1956-os magyar menek\u00fcltv\u00e1ls\u00e1g k\u00e9zik\u00f6nyve | K\u00f6nyvbemutat\u00f3\" style=\"object-fit:cover;\" srcset=\"https:\/\/emigracio.abtk.hu\/wp-content\/uploads\/2022\/11\/image.png 1754w, https:\/\/emigracio.abtk.hu\/wp-content\/uploads\/2022\/11\/image-300x212.png 300w, https:\/\/emigracio.abtk.hu\/wp-content\/uploads\/2022\/11\/image-1024x724.png 1024w, https:\/\/emigracio.abtk.hu\/wp-content\/uploads\/2022\/11\/image-768x543.png 768w, https:\/\/emigracio.abtk.hu\/wp-content\/uploads\/2022\/11\/image-1536x1086.png 1536w\" sizes=\"auto, (max-width: 1754px) 100vw, 1754px\" \/><\/a><\/figure>\n\n<div class=\"wp-block-post-excerpt\"><p class=\"wp-block-post-excerpt__excerpt\">2022. november 29., Kedd,&nbsp;11:00 https:\/\/abtk.hu\/esemenynaptar\/esem\u00e9ny%20r\u00e9szletei\/379\/-\/egy-vilagraszolo-tortenet-az-1956-os-magyar-menekultvalsag-kezikonyve-konyvbemutato <\/p><\/div>\n\n\n<hr class=\"wp-block-separator has-css-opacity\"\/>\n\n\n<div class=\"wp-block-post-date\"><time datetime=\"2022-11-29T04:25:23+01:00\">29 november 2022<\/time><\/div>\n<\/li><\/ul><\/div>\n","protected":false},"excerpt":{"rendered":"","protected":false},"author":2,"featured_media":0,"parent":457,"menu_order":0,"comment_status":"closed","ping_status":"closed","template":"","meta":{"_editorskit_title_hidden":false,"_editorskit_reading_time":1,"_editorskit_is_block_options_detached":false,"_editorskit_block_options_position":"{}","_monsterinsights_skip_tracking":false,"_monsterinsights_sitenote_active":false,"_monsterinsights_sitenote_note":"","_monsterinsights_sitenote_category":0,"footnotes":""},"class_list":["post-574","page","type-page","status-publish","hentry"],"aioseo_notices":[],"_links":{"self":[{"href":"https:\/\/emigracio.abtk.hu\/hu\/wp-json\/wp\/v2\/pages\/574","targetHints":{"allow":["GET"]}}],"collection":[{"href":"https:\/\/emigracio.abtk.hu\/hu\/wp-json\/wp\/v2\/pages"}],"about":[{"href":"https:\/\/emigracio.abtk.hu\/hu\/wp-json\/wp\/v2\/types\/page"}],"author":[{"embeddable":true,"href":"https:\/\/emigracio.abtk.hu\/hu\/wp-json\/wp\/v2\/users\/2"}],"replies":[{"embeddable":true,"href":"https:\/\/emigracio.abtk.hu\/hu\/wp-json\/wp\/v2\/comments?post=574"}],"version-history":[{"count":2,"href":"https:\/\/emigracio.abtk.hu\/hu\/wp-json\/wp\/v2\/pages\/574\/revisions"}],"predecessor-version":[{"id":581,"href":"https:\/\/emigracio.abtk.hu\/hu\/wp-json\/wp\/v2\/pages\/574\/revisions\/581"}],"up":[{"embeddable":true,"href":"https:\/\/emigracio.abtk.hu\/hu\/wp-json\/wp\/v2\/pages\/457"}],"wp:attachment":[{"href":"https:\/\/emigracio.abtk.hu\/hu\/wp-json\/wp\/v2\/media?parent=574"}],"curies":[{"name":"wp","href":"https:\/\/api.w.org\/{rel}","templated":true}]}}